{"id":342,"date":"2025-07-07T19:18:58","date_gmt":"2025-07-07T19:18:58","guid":{"rendered":"https:\/\/dream.al\/al\/?page_id=342"},"modified":"2025-07-21T06:55:46","modified_gmt":"2025-07-21T06:55:46","slug":"apliko-shpejt","status":"publish","type":"page","link":"https:\/\/dream.al\/al\/apliko-shpejt\/","title":{"rendered":"Apliko Shpejt"},"content":{"rendered":"\t\t<div data-elementor-type=\"wp-page\" data-elementor-id=\"342\" class=\"elementor elementor-342\">\n\t\t\t\t<div class=\"elementor-element elementor-element-37b42b0 e-flex e-con-boxed e-con e-parent\" data-id=\"37b42b0\" data-element_type=\"container\">\n\t\t\t\t\t<div class=\"e-con-inner\">\n\t\t\t\t<div class=\"elementor-element elementor-element-529d899 elementor-widget elementor-widget-spacer\" data-id=\"529d899\" data-element_type=\"widget\" data-widget_type=\"spacer.default\">\n\t\t\t\t\t\t\t<div class=\"elementor-spacer\">\n\t\t\t<div class=\"elementor-spacer-inner\"><\/div>\n\t\t<\/div>\n\t\t\t\t\t\t<\/div>\n\t\t\t\t\t<\/div>\n\t\t\t\t<\/div>\n\t\t<div class=\"elementor-element elementor-element-415cf2cc e-flex e-con-boxed e-con e-parent\" data-id=\"415cf2cc\" data-element_type=\"container\">\n\t\t\t\t\t<div class=\"e-con-inner\">\n\t\t\t\t<div class=\"elementor-element elementor-element-27b7005a elementor-invisible elementor-widget elementor-widget-heading\" data-id=\"27b7005a\" data-element_type=\"widget\" data-settings=\"{&quot;_animation_delay&quot;:250,&quot;_animation&quot;:&quot;fadeInUp&quot;}\" data-widget_type=\"heading.default\">\n\t\t\t\t\t<h1 class=\"elementor-heading-title elementor-size-default\">Nj\u00eb formular. Pa komplikime.<\/h1>\t\t\t\t<\/div>\n\t\t\t\t<div class=\"elementor-element elementor-element-1a219398 elementor-invisible elementor-widget elementor-widget-text-editor\" data-id=\"1a219398\" data-element_type=\"widget\" data-settings=\"{&quot;_animation_delay&quot;:500,&quot;_animation&quot;:&quot;fadeInUp&quot;}\" data-widget_type=\"text-editor.default\">\n\t\t\t\t\t\t\t\t\t<p>Do t\u00eb kontaktojm\u00eb n\u00ebse p\u00ebrputhesh me rolet e hapura n\u00eb Shqip\u00ebri.<\/p>\t\t\t\t\t\t\t\t<\/div>\n\t\t\t\t<div class=\"elementor-element elementor-element-25ee7531 ui-e-submit-align-center elementor-invisible elementor-widget elementor-widget-uicore-contact-form\" data-id=\"25ee7531\" data-element_type=\"widget\" data-settings=\"{&quot;_animation_delay&quot;:750,&quot;_animation&quot;:&quot;fadeInUp&quot;}\" data-widget_type=\"uicore-contact-form.default\">\n\t\t\t\t\t\n        <form class=\"ui-e-form\" method=\"post\" name=\"New Form\">\n\n            <input type=\"hidden\" name=\"post_id\" value=\"342\" \/>\n            <input type=\"hidden\" name=\"widget_type\" value=\"contact-form\">\n\n            <input type=\"hidden\" name=\"required_fields_message\" value=\"Fill all required fields.\">\n\n            <div class=\"ui-e-fields-wrp\">\n\n                \n                    <div class=\"ui-e-field-type-text ui-e-field-group elementor-column ui-e-field-group-name elementor-col-100  ui-e-required\">\n                                                    <label for=\"form-field-name\" class=\"ui-e-label\">\n                                Emri                            <\/label>\n                                                            <input size=\"1\" type=\"text\" name=\"form_fields[name]\" id=\"form-field-name\" class=\"ui-e-field  ui-e-field-textual\" placeholder=\"John\" required=\"required\" aria-required=\"true\">\n                                            <\/div>\n\n                \n                    <div class=\"ui-e-field-type-text ui-e-field-group elementor-column ui-e-field-group-name elementor-col-100  ui-e-required\">\n                                                    <label for=\"form-field-name\" class=\"ui-e-label\">\n                                Mbiemri                            <\/label>\n                                                            <input size=\"1\" type=\"text\" name=\"form_fields[name]\" id=\"form-field-name\" class=\"ui-e-field  ui-e-field-textual\" placeholder=\"Doe\" required=\"required\" aria-required=\"true\">\n                                            <\/div>\n\n                \n                    <div class=\"ui-e-field-type-tel ui-e-field-group elementor-column ui-e-field-group- elementor-col-100  ui-e-required\">\n                                                    <label for=\"form-field-\" class=\"ui-e-label\">\n                                Telefon                            <\/label>\n                                                            <input size=\"1\" type=\"tel\" name=\"form_fields[]\" id=\"form-field-\" class=\"ui-e-field  ui-e-field-textual\" placeholder=\"+40 723 456 789\" required=\"required\" aria-required=\"true\">\n                                            <\/div>\n\n                \n                    <div class=\"ui-e-field-type-email ui-e-field-group elementor-column ui-e-field-group-email elementor-col-100  ui-e-required\">\n                                                    <label for=\"form-field-email\" class=\"ui-e-label\">\n                                Email                            <\/label>\n                                                            <input size=\"1\" type=\"email\" name=\"form_fields[email]\" id=\"form-field-email\" class=\"ui-e-field  ui-e-field-textual\" placeholder=\"johndoe@gmail.com\" required=\"required\" aria-required=\"true\">\n                                            <\/div>\n\n                \n                    <div class=\"ui-e-field-type-text ui-e-field-group elementor-column ui-e-field-group-field_c920t77 elementor-col-100\">\n                                                    <label for=\"form-field-field_c920t77\" class=\"ui-e-label\">\n                                Shteti dhe Qyteti                            <\/label>\n                                                            <input size=\"1\" type=\"text\" name=\"form_fields[field_c920t77]\" id=\"form-field-field_c920t77\" class=\"ui-e-field  ui-e-field-textual\" placeholder=\"Tirana\">\n                                            <\/div>\n\n                \n                    <div class=\"ui-e-field-type-select ui-e-field-group elementor-column ui-e-field-group-field_4jsnumh elementor-col-100\">\n                                                    <label for=\"form-field-field_4jsnumh\" class=\"ui-e-label\">\n                                Je i\/e gatsh\u00ebm t\u00eb zhvendosesh n\u00eb Shqip\u00ebri?                            <\/label>\n                                    <div class=\"ui-e-field ui-e-field-select ui-e-field-subgroup \">\n            <select name=\"form_fields[field_4jsnumh]\" id=\"form-field-field_4jsnumh\" class=\"ui-e-field-textual\">\n                                    <option value=\"Po\">Po<\/option>\n                                    <option value=\"Jo\">Jo<\/option>\n                                    <option value=\"Jetoj n\u00eb Shqip\u00ebri\">Jetoj n\u00eb Shqip\u00ebri<\/option>\n                            <\/select>\n        <\/div>\n                        <\/div>\n\n                \n                    <div class=\"ui-e-field-type-checkbox ui-e-field-group elementor-column ui-e-field-group-field_fohdnvb elementor-col-100\">\n                                                    <label for=\"form-field-field_fohdnvb\" class=\"ui-e-label\">\n                                Gjuh\u00ebt q\u00eb flet                            <\/label>\n                            <div class=\"ui-e-field-subgroup  ui-e-subgroup-inline\"><span class=\"ui-e-field-option\"><input type=\"checkbox\" value=\"Italisht\" id=\"form-field-field_fohdnvb-0\" name=\"form_fields[field_fohdnvb][]\"> <label for=\"form-field-field_fohdnvb-0\">Italisht<\/label><\/span><span class=\"ui-e-field-option\"><input type=\"checkbox\" value=\"Anglisht\" id=\"form-field-field_fohdnvb-1\" name=\"form_fields[field_fohdnvb][]\"> <label for=\"form-field-field_fohdnvb-1\">Anglisht<\/label><\/span><span class=\"ui-e-field-option\"><input type=\"checkbox\" value=\"Gjermanisht\" id=\"form-field-field_fohdnvb-2\" name=\"form_fields[field_fohdnvb][]\"> <label for=\"form-field-field_fohdnvb-2\">Gjermanisht<\/label><\/span><span class=\"ui-e-field-option\"><input type=\"checkbox\" value=\"Rumanisht\" id=\"form-field-field_fohdnvb-3\" name=\"form_fields[field_fohdnvb][]\"> <label for=\"form-field-field_fohdnvb-3\">Rumanisht<\/label><\/span><span class=\"ui-e-field-option\"><input type=\"checkbox\" value=\"Bullgarisht\" id=\"form-field-field_fohdnvb-4\" name=\"form_fields[field_fohdnvb][]\"> <label for=\"form-field-field_fohdnvb-4\">Bullgarisht<\/label><\/span><span class=\"ui-e-field-option\"><input type=\"checkbox\" value=\"Greqisht\" id=\"form-field-field_fohdnvb-5\" name=\"form_fields[field_fohdnvb][]\"> <label for=\"form-field-field_fohdnvb-5\">Greqisht<\/label><\/span><span class=\"ui-e-field-option\"><input type=\"checkbox\" value=\"Arabisht\" id=\"form-field-field_fohdnvb-6\" name=\"form_fields[field_fohdnvb][]\"> <label for=\"form-field-field_fohdnvb-6\">Arabisht<\/label><\/span><\/div>                    <\/div>\n\n                \n                    <div class=\"ui-e-field-type-date ui-e-field-group elementor-column ui-e-field-group-field_sexkwfi elementor-col-100\">\n                                                    <label for=\"form-field-field_sexkwfi\" class=\"ui-e-label\">\n                                Kur mund t\u00eb fillosh?                            <\/label>\n                                                            <input size=\"1\" type=\"date\" name=\"form_fields[field_sexkwfi]\" id=\"form-field-field_sexkwfi\" class=\"ui-e-field  ui-e-field-textual\">\n                                            <\/div>\n\n                \n                    <div class=\"ui-e-field-type-checkbox ui-e-field-group elementor-column ui-e-field-group-field_kkaafvo elementor-col-100\">\n                                                    <label for=\"form-field-field_kkaafvo\" class=\"ui-e-label\">\n                                Lloji i preferuar i pun\u00ebs                            <\/label>\n                            <div class=\"ui-e-field-subgroup  ui-e-subgroup-inline\"><span class=\"ui-e-field-option\"><input type=\"checkbox\" value=\"Remote\" id=\"form-field-field_kkaafvo-0\" name=\"form_fields[field_kkaafvo][]\"> <label for=\"form-field-field_kkaafvo-0\">Remote<\/label><\/span><span class=\"ui-e-field-option\"><input type=\"checkbox\" value=\"Zyr\u00eb\" id=\"form-field-field_kkaafvo-1\" name=\"form_fields[field_kkaafvo][]\"> <label for=\"form-field-field_kkaafvo-1\">Zyr\u00eb<\/label><\/span><span class=\"ui-e-field-option\"><input type=\"checkbox\" value=\"Hibrid\" id=\"form-field-field_kkaafvo-2\" name=\"form_fields[field_kkaafvo][]\"> <label for=\"form-field-field_kkaafvo-2\">Hibrid<\/label><\/span><\/div>                    <\/div>\n\n                \n                    <div class=\"ui-e-field-type-file ui-e-field-group elementor-column ui-e-field-group-field_rg1y6i4 elementor-col-100  ui-e-required\">\n                                                    <label for=\"form-field-field_rg1y6i4\" class=\"ui-e-label\">\n                                Ngarko CV-n\u00eb t\u00ebnde                            <\/label>\n                                                            <input size=\"1\" type=\"file\" name=\"form_fields[field_rg1y6i4]\" id=\"form-field-field_rg1y6i4\" class=\"ui-e-field  ui-e-field-textual\" required=\"required\" aria-required=\"true\">\n                                            <\/div>\n\n                \n                    <div class=\"ui-e-field-type-acceptance ui-e-field-group elementor-column ui-e-field-group-field_24afskb elementor-col-100\">\n                                                    <label for=\"form-field-field_24afskb\" class=\"ui-e-label\">\n                                Privat\u00ebsia Jote                            <\/label>\n                                    <div class=\"ui-e-field-subgroup \">\n            <input type=\"checkbox\" name=\"form_fields[field_24afskb]\" id=\"form-field-field_24afskb\" class=\"ui-e-field  ui-e-acceptance-field\">\n            <label for=\"form-field-field_24afskb\">Duke dor\u00ebzuar k\u00ebt\u00eb formular, pranon p\u00ebrpunimin e t\u00eb dh\u00ebnave t\u00eb tua personale n\u00eb p\u00ebrputhje me Politikat tona t\u00eb Privat\u00ebsis\u00eb.<\/label>        <\/div>\n                        <\/div>\n\n                \n                <div class=\"ui-e-field-group elementor-column ui-e-field-type-submit elementor-col-100 e-form__buttons\">\n                    <button type=\"submit\" class=\"elementor-button\">\n                        <span >\n                                                            <span class=\"\">\n                                                                                                        <\/span>\n                                                                                        <span class=\"ui-e-text\">Apliko Tani<\/span>\n                                                    <\/span>\n                    <\/button>\n                <\/div>\n\n            <\/div>\n\n            <div class=\"ui-e-message \">\n                            <\/div>\n        <\/form>\n                <script>\n            window.ui_e_form_validation_messages = {\"required_fields\":\"Fill all required fields.\"};\n        <\/script>\n\t\t\t\t<\/div>\n\t\t\t\t\t<\/div>\n\t\t\t\t<\/div>\n\t\t\t\t<\/div>\n\t\t","protected":false},"excerpt":{"rendered":"<p>Nj\u00eb formular. Pa komplikime. Do t\u00eb kontaktojm\u00eb n\u00ebse p\u00ebrputhesh me rolet e hapura n\u00eb Shqip\u00ebri. Emri Mbiemri Telefon Email Shteti dhe Qyteti [&hellip;]<\/p>\n","protected":false},"author":1,"featured_media":0,"parent":0,"menu_order":0,"comment_status":"closed","ping_status":"closed","template":"","meta":{"footnotes":""},"class_list":["post-342","page","type-page","status-publish","hentry"],"_links":{"self":[{"href":"https:\/\/dream.al\/al\/wp-json\/wp\/v2\/pages\/342","targetHints":{"allow":["GET"]}}],"collection":[{"href":"https:\/\/dream.al\/al\/wp-json\/wp\/v2\/pages"}],"about":[{"href":"https:\/\/dream.al\/al\/wp-json\/wp\/v2\/types\/page"}],"author":[{"embeddable":true,"href":"https:\/\/dream.al\/al\/wp-json\/wp\/v2\/users\/1"}],"replies":[{"embeddable":true,"href":"https:\/\/dream.al\/al\/wp-json\/wp\/v2\/comments?post=342"}],"version-history":[{"count":15,"href":"https:\/\/dream.al\/al\/wp-json\/wp\/v2\/pages\/342\/revisions"}],"predecessor-version":[{"id":1730,"href":"https:\/\/dream.al\/al\/wp-json\/wp\/v2\/pages\/342\/revisions\/1730"}],"wp:attachment":[{"href":"https:\/\/dream.al\/al\/wp-json\/wp\/v2\/media?parent=342"}],"curies":[{"name":"wp","href":"https:\/\/api.w.org\/{rel}","templated":true}]}}