{"id":348,"date":"2025-07-07T08:03:01","date_gmt":"2025-07-07T08:03:01","guid":{"rendered":"https:\/\/dream.al\/al\/?page_id=348"},"modified":"2025-07-20T16:32:40","modified_gmt":"2025-07-20T16:32:40","slug":"angazhimi","status":"publish","type":"page","link":"https:\/\/dream.al\/al\/angazhimi\/","title":{"rendered":"Angazhimi Yn\u00eb"},"content":{"rendered":"\t\t<div data-elementor-type=\"wp-page\" data-elementor-id=\"348\" class=\"elementor elementor-348\">\n\t\t\t\t<div class=\"elementor-element elementor-element-9ed66fb e-flex e-con-boxed e-con e-parent\" data-id=\"9ed66fb\" data-element_type=\"container\">\n\t\t\t\t\t<div class=\"e-con-inner\">\n\t\t\t\t<div class=\"elementor-element elementor-element-9a656e9 elementor-widget elementor-widget-spacer\" data-id=\"9a656e9\" data-element_type=\"widget\" data-widget_type=\"spacer.default\">\n\t\t\t\t\t\t\t<div class=\"elementor-spacer\">\n\t\t\t<div class=\"elementor-spacer-inner\"><\/div>\n\t\t<\/div>\n\t\t\t\t\t\t<\/div>\n\t\t\t\t\t<\/div>\n\t\t\t\t<\/div>\n\t\t<div class=\"elementor-element elementor-element-1448553 e-flex e-con-boxed e-con e-parent\" data-id=\"1448553\" data-element_type=\"container\">\n\t\t\t\t\t<div class=\"e-con-inner\">\n\t\t<div class=\"elementor-element elementor-element-dab8a4d e-con-full e-flex e-con e-child\" data-id=\"dab8a4d\" data-element_type=\"container\">\n\t\t\t\t<\/div>\n\t\t<div class=\"elementor-element elementor-element-d40c6c3 e-con-full e-flex e-con e-child\" data-id=\"d40c6c3\" data-element_type=\"container\">\n\t\t\t\t<div class=\"elementor-element elementor-element-12eec01 elementor-widget elementor-widget-text-editor\" data-id=\"12eec01\" data-element_type=\"widget\" data-widget_type=\"text-editor.default\">\n\t\t\t\t\t\t\t\t\t<h2>Angazhimi Yn\u00eb<\/h2>\n<strong>P\u00ebrdit\u00ebsuar:<\/strong> 18\/06\/2025\n\n<h3>T\u00eb p\u00ebrkushtuar ndaj njer\u00ebzve, jo vet\u00ebm vendosjeve n\u00eb pun\u00eb<\/h3>\nTe Dream.al besojm\u00eb se rekrutimi duhet t\u00eb jet\u00eb m\u00eb shum\u00eb sesa nj\u00eb transaksion. Jemi t\u00eb p\u00ebrkushtuar t\u00eb ndihmojm\u00eb njer\u00ebzit dhe kompanit\u00eb t\u00eb rriten \u2014 jo thjesht t\u00eb lidhim nj\u00eb CV me nj\u00eb vend pune.\n\n<h3>P\u00ebr Kandidat\u00ebt<\/h3>\n<ul>\n  <li>Do t\u2019ju trajtojm\u00eb me respekt, ndershm\u00ebri dhe transparenc\u00eb<\/li>\n  <li>Nuk ju k\u00ebrkojm\u00eb asnj\u00eb tarif\u00eb p\u00ebr aplikim apo pun\u00ebsim<\/li>\n  <li>Profilin tuaj e ndajm\u00eb vet\u00ebm me kompani q\u00eb ju i miratoni<\/li>\n  <li>Jemi k\u00ebtu p\u00ebr t\u2019ju mb\u00ebshtetur gjat\u00eb zhvendosjes, integrimit dhe m\u00eb tej<\/li>\n<\/ul>\n\n<h3>P\u00ebr Pun\u00ebdh\u00ebn\u00ebsit<\/h3>\n<ul>\n  <li>Fokusimi yn\u00eb \u00ebsht\u00eb te cil\u00ebsia, jo sasia \u2014 \u00e7do kandidat filtrohet<\/li>\n  <li>Punojm\u00eb shpejt, por pa kompromentuar p\u00ebrzgjedhjen apo vler\u00ebsimin<\/li>\n  <li>Ju ndihmojm\u00eb t\u00eb nd\u00ebrtoni ekipe afatgjata, jo vet\u00ebm t\u00eb plot\u00ebsoni pozicione<\/li>\n  <li>Garantojm\u00eb konfidencialitet, komunikim t\u00eb qart\u00eb dhe p\u00ebrputhje ligjore<\/li>\n<\/ul>\n\n<h3>P\u00ebr T\u00eb Gjith\u00eb Bashk\u00ebpun\u00ebtor\u00ebt Tan\u00eb<\/h3>\n<ul>\n  <li>Promovojm\u00eb barazi dhe diversitet n\u00eb \u00e7do pun\u00ebsim<\/li>\n  <li>Nuk tolerojm\u00eb diskriminim apo praktika t\u00eb padrejta pune<\/li>\n  <li>Veprojm\u00eb me integritet, profesionaliz\u00ebm dhe q\u00ebllim t\u00eb qart\u00eb<\/li>\n<\/ul>\n\n<h3>M\u00eb shum\u00eb sesa nj\u00eb kompani rekrutimi<\/h3>\nMisioni yn\u00eb \u00ebsht\u00eb t\u00eb lidhim talentin me mund\u00ebsin\u00eb, n\u00eb Shqip\u00ebri, Ballkan dhe Europ\u00eb \u2014 n\u00eb nj\u00eb m\u00ebnyr\u00eb moderne, etike dhe t\u00eb nd\u00ebrtuar mbi besim. N\u00ebse bashk\u00ebpunoni me Dream.al, mund t\u00eb prisni nj\u00eb partner q\u00eb kujdeset p\u00ebr rezultatin po aq sa ju.\n\t\t\t\t\t\t\t\t<\/div>\n\t\t\t\t<\/div>\n\t\t<div class=\"elementor-element elementor-element-d44941b e-con-full e-flex e-con e-child\" data-id=\"d44941b\" data-element_type=\"container\">\n\t\t\t\t<\/div>\n\t\t\t\t\t<\/div>\n\t\t\t\t<\/div>\n\t\t\t\t<\/div>\n\t\t","protected":false},"excerpt":{"rendered":"<p>Angazhimi Yn\u00eb P\u00ebrdit\u00ebsuar: 18\/06\/2025 T\u00eb p\u00ebrkushtuar ndaj njer\u00ebzve, jo vet\u00ebm vendosjeve n\u00eb pun\u00eb Te Dream.al besojm\u00eb se rekrutimi duhet t\u00eb jet\u00eb m\u00eb [&hellip;]<\/p>\n","protected":false},"author":1,"featured_media":0,"parent":0,"menu_order":0,"comment_status":"closed","ping_status":"closed","template":"","meta":{"footnotes":""},"class_list":["post-348","page","type-page","status-publish","hentry"],"_links":{"self":[{"href":"https:\/\/dream.al\/al\/wp-json\/wp\/v2\/pages\/348","targetHints":{"allow":["GET"]}}],"collection":[{"href":"https:\/\/dream.al\/al\/wp-json\/wp\/v2\/pages"}],"about":[{"href":"https:\/\/dream.al\/al\/wp-json\/wp\/v2\/types\/page"}],"author":[{"embeddable":true,"href":"https:\/\/dream.al\/al\/wp-json\/wp\/v2\/users\/1"}],"replies":[{"embeddable":true,"href":"https:\/\/dream.al\/al\/wp-json\/wp\/v2\/comments?post=348"}],"version-history":[{"count":8,"href":"https:\/\/dream.al\/al\/wp-json\/wp\/v2\/pages\/348\/revisions"}],"predecessor-version":[{"id":1704,"href":"https:\/\/dream.al\/al\/wp-json\/wp\/v2\/pages\/348\/revisions\/1704"}],"wp:attachment":[{"href":"https:\/\/dream.al\/al\/wp-json\/wp\/v2\/media?parent=348"}],"curies":[{"name":"wp","href":"https:\/\/api.w.org\/{rel}","templated":true}]}}