{"id":365,"date":"2025-07-07T13:41:41","date_gmt":"2025-07-07T13:41:41","guid":{"rendered":"https:\/\/dream.al\/al\/?page_id=365"},"modified":"2025-07-21T08:05:11","modified_gmt":"2025-07-21T08:05:11","slug":"rekrutimi","status":"publish","type":"page","link":"https:\/\/dream.al\/al\/rekrutimi\/","title":{"rendered":"Si Rekrutojm\u00eb"},"content":{"rendered":"\t\t<div data-elementor-type=\"wp-page\" data-elementor-id=\"365\" class=\"elementor elementor-365\">\n\t\t\t\t<div class=\"elementor-element elementor-element-30a71247 e-flex e-con-boxed e-con e-parent\" data-id=\"30a71247\" data-element_type=\"container\" data-settings=\"{&quot;background_background&quot;:&quot;classic&quot;}\">\n\t\t\t\t\t<div class=\"e-con-inner\">\n\t\t\t\t<div class=\"elementor-element elementor-element-5ca4b110 elementor-widget-mobile__width-initial elementor-widget__width-initial ui-e-a-animate elementor-invisible elementor-widget elementor-widget-highlighted-text\" data-id=\"5ca4b110\" data-element_type=\"widget\" data-settings=\"{&quot;_animation&quot;:&quot;fadeInUp&quot;,&quot;_animation_delay&quot;:500}\" data-widget_type=\"highlighted-text.default\">\n\t\t\t\t\t        <h1 class=\"ui-e--highlighted-text\">\n            <span class=\"ui-e-headline-text elementor-repeater-item-114b631\">Procesi yn\u00eb i  <br><\/span><span class=\"ui-e-headline-text elementor-repeater-item-c439197 ui-e-headline-color\">\n\t\t\t\t\t\t\t\t\t<span class=\"whitespace\"><\/span>\n                                    <span>\n                                        <span class=\"ui-e-headline-text ui-e-headline-highlighted\">p\u00ebrzgjedhjes<\/span><span class=\"uicore-svg-wrapper\"><svg xmlns=\"http:\/\/www.w3.org\/2000\/svg\" viewBox=\"0 0 500 150\" preserveAspectRatio=\"none\"><\/svg><\/span><\/span> <span class=\"whitespace\"> <\/span><\/span>        <\/h1>\n    \t\t\t\t<\/div>\n\t\t\t\t\t<\/div>\n\t\t\t\t<\/div>\n\t\t<div class=\"elementor-element elementor-element-388feb65 e-flex e-con-boxed e-con e-parent\" data-id=\"388feb65\" data-element_type=\"container\">\n\t\t\t\t\t<div class=\"e-con-inner\">\n\t\t<div class=\"elementor-element elementor-element-74756c8d e-con-full e-flex e-con e-child\" data-id=\"74756c8d\" data-element_type=\"container\" data-settings=\"{&quot;background_background&quot;:&quot;classic&quot;}\">\n\t\t\t\t<div class=\"elementor-element elementor-element-1f3c05b ui-e-left ui-e-align-left ui-e-align-tablet-left ui-e-align-mobile-left elementor-widget elementor-widget-uicore-icon-box\" data-id=\"1f3c05b\" data-element_type=\"widget\" data-settings=\"{&quot;position&quot;:&quot;left&quot;,&quot;content_padding&quot;:{&quot;unit&quot;:&quot;px&quot;,&quot;top&quot;:&quot;&quot;,&quot;right&quot;:&quot;&quot;,&quot;bottom&quot;:&quot;&quot;,&quot;left&quot;:&quot;&quot;,&quot;isLinked&quot;:true},&quot;content_padding_tablet&quot;:{&quot;unit&quot;:&quot;px&quot;,&quot;top&quot;:&quot;&quot;,&quot;right&quot;:&quot;&quot;,&quot;bottom&quot;:&quot;&quot;,&quot;left&quot;:&quot;&quot;,&quot;isLinked&quot;:true},&quot;content_padding_mobile&quot;:{&quot;unit&quot;:&quot;px&quot;,&quot;top&quot;:&quot;&quot;,&quot;right&quot;:&quot;&quot;,&quot;bottom&quot;:&quot;&quot;,&quot;left&quot;:&quot;&quot;,&quot;isLinked&quot;:true}}\" data-widget_type=\"uicore-icon-box.default\">\n\t\t\t\t\t\n        <div class=\"ui-e-ico-box\" >\n\n            \n            <div class='ui-e-flex-wrp'>\n\n                                    <div class=\"ui-e-icon-wrp\">\n\n                        <i aria-hidden=\"true\" class=\"ri ri-number-1\"><\/i>\n                    <\/div>\n                \n                \n            <\/div>\n\n            <div class=\"ui-e-box-content\">\n                <div class=\"ui-e-title-wrp\"><h4 class=\"ui-e-title\">Konsultim Fillestar<\/h4><\/div>\n                <div class=\"ui-e-description\">\n                    <p>Nisim me nj\u00eb telefonat\u00eb t\u00eb shkurt\u00ebr ose nj\u00eb formular hyr\u00ebs p\u00ebr t\u00eb kuptuar \u00e7far\u00eb lloj kandidati ju nevojitet. Kjo p\u00ebrfshin <strong data-start=\"379\" data-end=\"388\">rolet<\/strong>, <strong data-start=\"390\" data-end=\"411\">gjuh\u00ebt e k\u00ebrkuara<\/strong>, <strong data-start=\"413\" data-end=\"427\">lokacionin<\/strong>, <strong data-start=\"429\" data-end=\"444\">shp\u00ebrblimin<\/strong>, dhe \u00e7do detaj tjet\u00ebr thelb\u00ebsor. Sa m\u00eb mir\u00eb t\u00eb kuptojm\u00eb <strong data-start=\"501\" data-end=\"518\" data-is-only-node=\"\">q\u00ebllimin tuaj<\/strong>, aq m\u00eb shpejt sjellim <strong data-start=\"541\" data-end=\"561\">njer\u00ebzit e duhur<\/strong>.<\/p>                <\/div>\n\n                \n            <\/div>\n        <\/div>\n\t\t\t\t<\/div>\n\t\t\t\t<div class=\"elementor-element elementor-element-dac025d ui-e-left ui-e-align-left ui-e-align-tablet-left ui-e-align-mobile-left elementor-widget elementor-widget-uicore-icon-box\" data-id=\"dac025d\" data-element_type=\"widget\" data-settings=\"{&quot;position&quot;:&quot;left&quot;,&quot;content_padding&quot;:{&quot;unit&quot;:&quot;px&quot;,&quot;top&quot;:&quot;&quot;,&quot;right&quot;:&quot;&quot;,&quot;bottom&quot;:&quot;&quot;,&quot;left&quot;:&quot;&quot;,&quot;isLinked&quot;:true},&quot;content_padding_tablet&quot;:{&quot;unit&quot;:&quot;px&quot;,&quot;top&quot;:&quot;&quot;,&quot;right&quot;:&quot;&quot;,&quot;bottom&quot;:&quot;&quot;,&quot;left&quot;:&quot;&quot;,&quot;isLinked&quot;:true},&quot;content_padding_mobile&quot;:{&quot;unit&quot;:&quot;px&quot;,&quot;top&quot;:&quot;&quot;,&quot;right&quot;:&quot;&quot;,&quot;bottom&quot;:&quot;&quot;,&quot;left&quot;:&quot;&quot;,&quot;isLinked&quot;:true}}\" data-widget_type=\"uicore-icon-box.default\">\n\t\t\t\t\t\n        <div class=\"ui-e-ico-box\" >\n\n            \n            <div class='ui-e-flex-wrp'>\n\n                                    <div class=\"ui-e-icon-wrp\">\n\n                        <i aria-hidden=\"true\" class=\"ri ri-number-2\"><\/i>\n                    <\/div>\n                \n                \n            <\/div>\n\n            <div class=\"ui-e-box-content\">\n                <div class=\"ui-e-title-wrp\"><h4 class=\"ui-e-title\">K\u00ebrkimi<\/h4><\/div>\n                <div class=\"ui-e-description\">\n                    <p>Ekipi yn\u00eb k\u00ebrkon n\u00eb databaz\u00ebn ton\u00eb dhe rrjete t\u00eb verifikuara p\u00ebr t\u00eb gjetur <strong data-start=\"653\" data-end=\"681\">kandidat\u00eb t\u00eb kualifikuar<\/strong> q\u00eb p\u00ebrputhen me kriteret tuaja. Fokusohemi tek <strong data-start=\"729\" data-end=\"751\">aft\u00ebsit\u00eb gjuh\u00ebsore<\/strong>, <strong data-start=\"753\" data-end=\"764\">p\u00ebrvoja<\/strong>, dhe <strong data-start=\"770\" data-end=\"789\">disponueshm\u00ebria<\/strong> \u2014 qoft\u00eb p\u00ebr pun\u00eb <strong data-start=\"807\" data-end=\"823\">nga distanca<\/strong> apo <strong data-start=\"828\" data-end=\"839\">n\u00eb zyr\u00eb<\/strong>.<\/p>                <\/div>\n\n                \n            <\/div>\n        <\/div>\n\t\t\t\t<\/div>\n\t\t\t\t<div class=\"elementor-element elementor-element-0adeba5 ui-e-left ui-e-align-left ui-e-align-tablet-left ui-e-align-mobile-left elementor-widget elementor-widget-uicore-icon-box\" data-id=\"0adeba5\" data-element_type=\"widget\" data-settings=\"{&quot;position&quot;:&quot;left&quot;,&quot;content_padding&quot;:{&quot;unit&quot;:&quot;px&quot;,&quot;top&quot;:&quot;&quot;,&quot;right&quot;:&quot;&quot;,&quot;bottom&quot;:&quot;&quot;,&quot;left&quot;:&quot;&quot;,&quot;isLinked&quot;:true},&quot;content_padding_tablet&quot;:{&quot;unit&quot;:&quot;px&quot;,&quot;top&quot;:&quot;&quot;,&quot;right&quot;:&quot;&quot;,&quot;bottom&quot;:&quot;&quot;,&quot;left&quot;:&quot;&quot;,&quot;isLinked&quot;:true},&quot;content_padding_mobile&quot;:{&quot;unit&quot;:&quot;px&quot;,&quot;top&quot;:&quot;&quot;,&quot;right&quot;:&quot;&quot;,&quot;bottom&quot;:&quot;&quot;,&quot;left&quot;:&quot;&quot;,&quot;isLinked&quot;:true}}\" data-widget_type=\"uicore-icon-box.default\">\n\t\t\t\t\t\n        <div class=\"ui-e-ico-box\" >\n\n            \n            <div class='ui-e-flex-wrp'>\n\n                                    <div class=\"ui-e-icon-wrp\">\n\n                        <i aria-hidden=\"true\" class=\"ri ri-number-3\"><\/i>\n                    <\/div>\n                \n                \n            <\/div>\n\n            <div class=\"ui-e-box-content\">\n                <div class=\"ui-e-title-wrp\"><h4 class=\"ui-e-title\">P\u00ebrzgjedhja<\/h4><\/div>\n                <div class=\"ui-e-description\">\n                    <p>Flasim personalisht me \u00e7do kandidat para se t\u2019jua propozojm\u00eb. Kjo p\u00ebrfshin <strong data-start=\"935\" data-end=\"958\">verifikim t\u00eb gjuh\u00ebs<\/strong>, <strong data-start=\"960\" data-end=\"983\">kontroll t\u00eb eksperienc\u00ebs<\/strong>, dhe <strong data-start=\"989\" data-end=\"1027\">vler\u00ebsim t\u00eb aft\u00ebsive nd\u00ebrpersonale<\/strong>. Vet\u00ebm ata q\u00eb p\u00ebrmbushin <strong data-start=\"1053\" data-end=\"1084\">standardet tona t\u00eb cil\u00ebsis\u00eb<\/strong> kalojn\u00eb m\u00eb tej.<\/p>                <\/div>\n\n                \n            <\/div>\n        <\/div>\n\t\t\t\t<\/div>\n\t\t\t\t<div class=\"elementor-element elementor-element-d92d382 ui-e-left ui-e-align-left ui-e-align-tablet-left ui-e-align-mobile-left elementor-widget elementor-widget-uicore-icon-box\" data-id=\"d92d382\" data-element_type=\"widget\" data-settings=\"{&quot;position&quot;:&quot;left&quot;,&quot;content_padding&quot;:{&quot;unit&quot;:&quot;px&quot;,&quot;top&quot;:&quot;&quot;,&quot;right&quot;:&quot;&quot;,&quot;bottom&quot;:&quot;&quot;,&quot;left&quot;:&quot;&quot;,&quot;isLinked&quot;:true},&quot;content_padding_tablet&quot;:{&quot;unit&quot;:&quot;px&quot;,&quot;top&quot;:&quot;&quot;,&quot;right&quot;:&quot;&quot;,&quot;bottom&quot;:&quot;&quot;,&quot;left&quot;:&quot;&quot;,&quot;isLinked&quot;:true},&quot;content_padding_mobile&quot;:{&quot;unit&quot;:&quot;px&quot;,&quot;top&quot;:&quot;&quot;,&quot;right&quot;:&quot;&quot;,&quot;bottom&quot;:&quot;&quot;,&quot;left&quot;:&quot;&quot;,&quot;isLinked&quot;:true}}\" data-widget_type=\"uicore-icon-box.default\">\n\t\t\t\t\t\n        <div class=\"ui-e-ico-box\" >\n\n            \n            <div class='ui-e-flex-wrp'>\n\n                                    <div class=\"ui-e-icon-wrp\">\n\n                        <i aria-hidden=\"true\" class=\"ri ri-number-4\"><\/i>\n                    <\/div>\n                \n                \n            <\/div>\n\n            <div class=\"ui-e-box-content\">\n                <div class=\"ui-e-title-wrp\"><h4 class=\"ui-e-title\">Lista finale<\/h4><\/div>\n                <div class=\"ui-e-description\">\n                    <p>Ju merrni nj\u00eb <strong data-start=\"1135\" data-end=\"1159\">list\u00eb t\u00eb p\u00ebrqendruar<\/strong> me kandidat\u00eb q\u00eb jan\u00eb <strong data-start=\"1181\" data-end=\"1213\">t\u00eb interesuar dhe t\u00eb gatsh\u00ebm<\/strong>. \u00c7do profil p\u00ebrfshin <strong data-start=\"1235\" data-end=\"1241\">CV<\/strong>, <strong data-start=\"1243\" data-end=\"1270\">sh\u00ebnime nga intervistat<\/strong>, dhe <strong data-start=\"1276\" data-end=\"1299\">verifikim t\u00eb gjuh\u00ebs<\/strong>, q\u00eb ta keni m\u00eb t\u00eb leht\u00eb t\u00eb merrni nj\u00eb vendim.<\/p>                <\/div>\n\n                \n            <\/div>\n        <\/div>\n\t\t\t\t<\/div>\n\t\t\t\t<div class=\"elementor-element elementor-element-92aa429 ui-e-left ui-e-align-left ui-e-align-tablet-left ui-e-align-mobile-left elementor-widget elementor-widget-uicore-icon-box\" data-id=\"92aa429\" data-element_type=\"widget\" data-settings=\"{&quot;position&quot;:&quot;left&quot;,&quot;content_padding&quot;:{&quot;unit&quot;:&quot;px&quot;,&quot;top&quot;:&quot;&quot;,&quot;right&quot;:&quot;&quot;,&quot;bottom&quot;:&quot;&quot;,&quot;left&quot;:&quot;&quot;,&quot;isLinked&quot;:true},&quot;content_padding_tablet&quot;:{&quot;unit&quot;:&quot;px&quot;,&quot;top&quot;:&quot;&quot;,&quot;right&quot;:&quot;&quot;,&quot;bottom&quot;:&quot;&quot;,&quot;left&quot;:&quot;&quot;,&quot;isLinked&quot;:true},&quot;content_padding_mobile&quot;:{&quot;unit&quot;:&quot;px&quot;,&quot;top&quot;:&quot;&quot;,&quot;right&quot;:&quot;&quot;,&quot;bottom&quot;:&quot;&quot;,&quot;left&quot;:&quot;&quot;,&quot;isLinked&quot;:true}}\" data-widget_type=\"uicore-icon-box.default\">\n\t\t\t\t\t\n        <div class=\"ui-e-ico-box\" >\n\n            \n            <div class='ui-e-flex-wrp'>\n\n                                    <div class=\"ui-e-icon-wrp\">\n\n                        <i aria-hidden=\"true\" class=\"ri ri-number-5\"><\/i>\n                    <\/div>\n                \n                \n            <\/div>\n\n            <div class=\"ui-e-box-content\">\n                <div class=\"ui-e-title-wrp\"><h4 class=\"ui-e-title\">Intervista<\/h4><\/div>\n                <div class=\"ui-e-description\">\n                    <p>Koordinojm\u00eb intervistat sipas disponueshm\u00ebris\u00eb suaj. N\u00ebse \u00ebsht\u00eb e nevojshme, ndihmojm\u00eb edhe me <strong data-start=\"1459\" data-end=\"1489\">strukturimin e intervist\u00ebs<\/strong>, <strong data-start=\"1491\" data-end=\"1520\">komunikimin me kandidat\u00ebt<\/strong>, dhe <strong data-start=\"1526\" data-end=\"1541\">feedback-un<\/strong>.<\/p>                <\/div>\n\n                \n            <\/div>\n        <\/div>\n\t\t\t\t<\/div>\n\t\t\t\t<div class=\"elementor-element elementor-element-d5eb107 ui-e-left ui-e-align-left ui-e-align-tablet-left ui-e-align-mobile-left elementor-widget elementor-widget-uicore-icon-box\" data-id=\"d5eb107\" data-element_type=\"widget\" data-settings=\"{&quot;position&quot;:&quot;left&quot;,&quot;content_padding&quot;:{&quot;unit&quot;:&quot;px&quot;,&quot;top&quot;:&quot;&quot;,&quot;right&quot;:&quot;&quot;,&quot;bottom&quot;:&quot;&quot;,&quot;left&quot;:&quot;&quot;,&quot;isLinked&quot;:true},&quot;content_padding_tablet&quot;:{&quot;unit&quot;:&quot;px&quot;,&quot;top&quot;:&quot;&quot;,&quot;right&quot;:&quot;&quot;,&quot;bottom&quot;:&quot;&quot;,&quot;left&quot;:&quot;&quot;,&quot;isLinked&quot;:true},&quot;content_padding_mobile&quot;:{&quot;unit&quot;:&quot;px&quot;,&quot;top&quot;:&quot;&quot;,&quot;right&quot;:&quot;&quot;,&quot;bottom&quot;:&quot;&quot;,&quot;left&quot;:&quot;&quot;,&quot;isLinked&quot;:true}}\" data-widget_type=\"uicore-icon-box.default\">\n\t\t\t\t\t\n        <div class=\"ui-e-ico-box\" >\n\n            \n            <div class='ui-e-flex-wrp'>\n\n                                    <div class=\"ui-e-icon-wrp\">\n\n                        <i aria-hidden=\"true\" class=\"ri ri-number-6\"><\/i>\n                    <\/div>\n                \n                \n            <\/div>\n\n            <div class=\"ui-e-box-content\">\n                <div class=\"ui-e-title-wrp\"><h4 class=\"ui-e-title\">Pun\u00ebsimi &amp; P\u00ebrshtatja<\/h4><\/div>\n                <div class=\"ui-e-description\">\n                    <p>Pasi zgjidhni kandidatin, ju ndihmojm\u00eb me <strong data-start=\"1614\" data-end=\"1632\">ofert\u00ebn finale<\/strong> dhe procesin e <strong data-start=\"1648\" data-end=\"1663\">p\u00ebrshtatjes<\/strong>. N\u00eb rastet e <strong data-start=\"1677\" data-end=\"1690\">relokimit<\/strong>, japim mb\u00ebshtetje p\u00ebr <strong data-start=\"1713\" data-end=\"1726\">strehimin<\/strong>, <strong data-start=\"1728\" data-end=\"1747\">dokumentacionin<\/strong>, dhe <strong data-start=\"1753\" data-end=\"1773\">integrimin lokal<\/strong>.<\/p>                <\/div>\n\n                \n            <\/div>\n        <\/div>\n\t\t\t\t<\/div>\n\t\t\t\t<\/div>\n\t\t\t\t\t<\/div>\n\t\t\t\t<\/div>\n\t\t\t\t<section class=\"elementor-section elementor-top-section elementor-element elementor-element-40318df9 elementor-section-boxed elementor-section-height-default elementor-section-height-default\" data-id=\"40318df9\" data-element_type=\"section\" data-settings=\"{&quot;background_background&quot;:&quot;classic&quot;}\">\n\t\t\t\t\t\t<div class=\"elementor-container elementor-column-gap-default\">\n\t\t\t\t\t<div class=\"elementor-column elementor-col-100 elementor-top-column elementor-element elementor-element-2c70178a\" data-id=\"2c70178a\" data-element_type=\"column\">\n\t\t\t<div class=\"elementor-widget-wrap elementor-element-populated\">\n\t\t\t\t\t\t<div class=\"elementor-element elementor-element-aac9361 elementor-widget__width-initial elementor-widget-tablet__width-initial elementor-widget-mobile__width-inherit  ui-split-animate ui-splitby-chars elementor-widget elementor-widget-heading\" data-id=\"aac9361\" data-element_type=\"widget\" data-settings=\"{&quot;ui_animate_split&quot;:&quot;ui-split-animate&quot;,&quot;ui_animate_split_by&quot;:&quot;chars&quot;,&quot;ui_animate_split_style&quot;:&quot;fadeInUp&quot;}\" data-widget_type=\"heading.default\">\n\t\t\t\t\t<h2 class=\"elementor-heading-title elementor-size-default\">Po k\u00ebrkoni staf apo pun\u00eb t\u00eb re? Filloni k\u00ebtu.<\/h2>\t\t\t\t<\/div>\n\t\t\t\t<div class=\"elementor-element elementor-element-31b11536 elementor-widget elementor-widget-spacer\" data-id=\"31b11536\" data-element_type=\"widget\" data-widget_type=\"spacer.default\">\n\t\t\t\t\t\t\t<div class=\"elementor-spacer\">\n\t\t\t<div class=\"elementor-spacer-inner\"><\/div>\n\t\t<\/div>\n\t\t\t\t\t\t<\/div>\n\t\t\t\t<div class=\"elementor-element elementor-element-453d3a9c elementor-widget__width-auto elementor-invisible elementor-widget elementor-widget-button\" data-id=\"453d3a9c\" data-element_type=\"widget\" data-settings=\"{&quot;_animation&quot;:&quot;fadeInUp&quot;,&quot;_animation_delay&quot;:600}\" data-widget_type=\"button.default\">\n\t\t\t\t\t\t\t\t\t\t<a class=\"elementor-button elementor-button-link elementor-size-sm\" href=\"https:\/\/dream.al\/al\/vende-pune\/\">\n\t\t\t\t\t\t<span class=\"elementor-button-content-wrapper\">\n\t\t\t\t\t\t\t\t\t<span class=\"elementor-button-text\">Gjej pun\u00eb<\/span>\n\t\t\t\t\t<\/span>\n\t\t\t\t\t<\/a>\n\t\t\t\t\t\t\t\t<\/div>\n\t\t\t\t<div class=\"elementor-element elementor-element-4e398b2b elementor-widget__width-auto elementor-invisible elementor-widget elementor-widget-button\" data-id=\"4e398b2b\" data-element_type=\"widget\" data-settings=\"{&quot;_animation&quot;:&quot;fadeInUp&quot;,&quot;_animation_delay&quot;:600}\" data-widget_type=\"button.default\">\n\t\t\t\t\t\t\t\t\t\t<a class=\"elementor-button elementor-button-link elementor-size-sm\" href=\"https:\/\/dream.al\/al\/gjej-talent\/\">\n\t\t\t\t\t\t<span class=\"elementor-button-content-wrapper\">\n\t\t\t\t\t\t\t\t\t<span class=\"elementor-button-text\">Gjej Talent<\/span>\n\t\t\t\t\t<\/span>\n\t\t\t\t\t<\/a>\n\t\t\t\t\t\t\t\t<\/div>\n\t\t\t\t\t<\/div>\n\t\t<\/div>\n\t\t\t\t\t<\/div>\n\t\t<\/section>\n\t\t\t\t<\/div>\n\t\t","protected":false},"excerpt":{"rendered":"<p>Procesi yn\u00eb i p\u00ebrzgjedhjes Konsultim Fillestar Nisim me nj\u00eb telefonat\u00eb t\u00eb shkurt\u00ebr ose nj\u00eb formular hyr\u00ebs p\u00ebr t\u00eb kuptuar \u00e7far\u00eb lloj kandidati [&hellip;]<\/p>\n","protected":false},"author":1,"featured_media":0,"parent":0,"menu_order":0,"comment_status":"closed","ping_status":"closed","template":"","meta":{"footnotes":""},"class_list":["post-365","page","type-page","status-publish","hentry"],"_links":{"self":[{"href":"https:\/\/dream.al\/al\/wp-json\/wp\/v2\/pages\/365","targetHints":{"allow":["GET"]}}],"collection":[{"href":"https:\/\/dream.al\/al\/wp-json\/wp\/v2\/pages"}],"about":[{"href":"https:\/\/dream.al\/al\/wp-json\/wp\/v2\/types\/page"}],"author":[{"embeddable":true,"href":"https:\/\/dream.al\/al\/wp-json\/wp\/v2\/users\/1"}],"replies":[{"embeddable":true,"href":"https:\/\/dream.al\/al\/wp-json\/wp\/v2\/comments?post=365"}],"version-history":[{"count":12,"href":"https:\/\/dream.al\/al\/wp-json\/wp\/v2\/pages\/365\/revisions"}],"predecessor-version":[{"id":1791,"href":"https:\/\/dream.al\/al\/wp-json\/wp\/v2\/pages\/365\/revisions\/1791"}],"wp:attachment":[{"href":"https:\/\/dream.al\/al\/wp-json\/wp\/v2\/media?parent=365"}],"curies":[{"name":"wp","href":"https:\/\/api.w.org\/{rel}","templated":true}]}}