{"id":367,"date":"2025-07-07T23:34:05","date_gmt":"2025-07-07T23:34:05","guid":{"rendered":"https:\/\/dream.al\/al\/?page_id=367"},"modified":"2025-07-21T07:40:20","modified_gmt":"2025-07-21T07:40:20","slug":"gjej-talent","status":"publish","type":"page","link":"https:\/\/dream.al\/al\/gjej-talent\/","title":{"rendered":"Gjej Talent"},"content":{"rendered":"\t\t<div data-elementor-type=\"wp-page\" data-elementor-id=\"367\" class=\"elementor elementor-367\">\n\t\t\t\t<div class=\"elementor-element elementor-element-35795d2 e-flex e-con-boxed e-con e-parent\" data-id=\"35795d2\" data-element_type=\"container\">\n\t\t\t\t\t<div class=\"e-con-inner\">\n\t\t\t\t<div class=\"elementor-element elementor-element-fdc2bc4 elementor-widget elementor-widget-spacer\" data-id=\"fdc2bc4\" data-element_type=\"widget\" data-widget_type=\"spacer.default\">\n\t\t\t\t\t\t\t<div class=\"elementor-spacer\">\n\t\t\t<div class=\"elementor-spacer-inner\"><\/div>\n\t\t<\/div>\n\t\t\t\t\t\t<\/div>\n\t\t\t\t\t<\/div>\n\t\t\t\t<\/div>\n\t\t<div class=\"elementor-element elementor-element-2a3bec49 e-flex e-con-boxed e-con e-parent\" data-id=\"2a3bec49\" data-element_type=\"container\">\n\t\t\t\t\t<div class=\"e-con-inner\">\n\t\t\t\t<div class=\"elementor-element elementor-element-2b486cb3 elementor-invisible elementor-widget elementor-widget-heading\" data-id=\"2b486cb3\" data-element_type=\"widget\" data-settings=\"{&quot;_animation_delay&quot;:250,&quot;_animation&quot;:&quot;fadeInUp&quot;}\" data-widget_type=\"heading.default\">\n\t\t\t\t\t<h1 class=\"elementor-heading-title elementor-size-default\">Fillo Rekrutimin Tani<\/h1>\t\t\t\t<\/div>\n\t\t\t\t<div class=\"elementor-element elementor-element-78c30bba elementor-invisible elementor-widget elementor-widget-text-editor\" data-id=\"78c30bba\" data-element_type=\"widget\" data-settings=\"{&quot;_animation_delay&quot;:500,&quot;_animation&quot;:&quot;fadeInUp&quot;}\" data-widget_type=\"text-editor.default\">\n\t\t\t\t\t\t\t\t\t<p>Plot\u00ebso formularin m\u00eb posht\u00eb dhe ne do t\u00eb t\u00eb kontaktojm\u00eb brenda 24 or\u00ebve.<\/p>\t\t\t\t\t\t\t\t<\/div>\n\t\t\t\t<div class=\"elementor-element elementor-element-727ef954 ui-e-submit-align-center elementor-invisible elementor-widget elementor-widget-uicore-contact-form\" data-id=\"727ef954\" data-element_type=\"widget\" data-settings=\"{&quot;_animation_delay&quot;:750,&quot;_animation&quot;:&quot;fadeInUp&quot;}\" data-widget_type=\"uicore-contact-form.default\">\n\t\t\t\t\t\n        <form class=\"ui-e-form\" method=\"post\" name=\"New Form\">\n\n            <input type=\"hidden\" name=\"post_id\" value=\"367\" \/>\n            <input type=\"hidden\" name=\"widget_type\" value=\"contact-form\">\n\n            <input type=\"hidden\" name=\"required_fields_message\" value=\"Fill all required fields.\">\n\n            <div class=\"ui-e-fields-wrp\">\n\n                \n                    <div class=\"ui-e-field-type-text ui-e-field-group elementor-column ui-e-field-group-name elementor-col-100  ui-e-required\">\n                                                    <label for=\"form-field-name\" class=\"ui-e-label\">\n                                Emri i plot\u00eb                            <\/label>\n                                                            <input size=\"1\" type=\"text\" name=\"form_fields[name]\" id=\"form-field-name\" class=\"ui-e-field  ui-e-field-textual\" placeholder=\"John\" required=\"required\" aria-required=\"true\">\n                                            <\/div>\n\n                \n                    <div class=\"ui-e-field-type-text ui-e-field-group elementor-column ui-e-field-group-name elementor-col-100  ui-e-required\">\n                                                    <label for=\"form-field-name\" class=\"ui-e-label\">\n                                Emri i kompanis\u00eb                            <\/label>\n                                                            <input size=\"1\" type=\"text\" name=\"form_fields[name]\" id=\"form-field-name\" class=\"ui-e-field  ui-e-field-textual\" placeholder=\"Wolkswagen\" required=\"required\" aria-required=\"true\">\n                                            <\/div>\n\n                \n                    <div class=\"ui-e-field-type-email ui-e-field-group elementor-column ui-e-field-group-email elementor-col-100  ui-e-required\">\n                                                    <label for=\"form-field-email\" class=\"ui-e-label\">\n                                Email                            <\/label>\n                                                            <input size=\"1\" type=\"email\" name=\"form_fields[email]\" id=\"form-field-email\" class=\"ui-e-field  ui-e-field-textual\" placeholder=\"johndoe@gmail.com\" required=\"required\" aria-required=\"true\">\n                                            <\/div>\n\n                \n                    <div class=\"ui-e-field-type-tel ui-e-field-group elementor-column ui-e-field-group- elementor-col-100  ui-e-required\">\n                                                    <label for=\"form-field-\" class=\"ui-e-label\">\n                                Telefon                            <\/label>\n                                                            <input size=\"1\" type=\"tel\" name=\"form_fields[]\" id=\"form-field-\" class=\"ui-e-field  ui-e-field-textual\" placeholder=\"+40 723 456 789\" required=\"required\" aria-required=\"true\">\n                                            <\/div>\n\n                \n                    <div class=\"ui-e-field-type-checkbox ui-e-field-group elementor-column ui-e-field-group- elementor-col-100  ui-e-required\">\n                                                    <label for=\"form-field-\" class=\"ui-e-label\">\n                                Gjuh\u00ebt e k\u00ebrkuara                            <\/label>\n                            <div class=\"ui-e-field-subgroup  ui-e-subgroup-inline\"><span class=\"ui-e-field-option\"><input type=\"checkbox\" value=\"Anglisht\" id=\"form-field--0\" name=\"form_fields[][]\" data-ui-e-required=\"true\"> <label for=\"form-field--0\">Anglisht<\/label><\/span><span class=\"ui-e-field-option\"><input type=\"checkbox\" value=\"Italisht\" id=\"form-field--1\" name=\"form_fields[][]\" data-ui-e-required=\"true\"> <label for=\"form-field--1\">Italisht<\/label><\/span><span class=\"ui-e-field-option\"><input type=\"checkbox\" value=\"Gjermanisht\" id=\"form-field--2\" name=\"form_fields[][]\" data-ui-e-required=\"true\"> <label for=\"form-field--2\">Gjermanisht<\/label><\/span><span class=\"ui-e-field-option\"><input type=\"checkbox\" value=\"Spanjisht\" id=\"form-field--3\" name=\"form_fields[][]\" data-ui-e-required=\"true\"> <label for=\"form-field--3\">Spanjisht<\/label><\/span><span class=\"ui-e-field-option\"><input type=\"checkbox\" value=\"Greqisht\" id=\"form-field--4\" name=\"form_fields[][]\" data-ui-e-required=\"true\"> <label for=\"form-field--4\">Greqisht<\/label><\/span><span class=\"ui-e-field-option\"><input type=\"checkbox\" value=\"Rumanisht\" id=\"form-field--5\" name=\"form_fields[][]\" data-ui-e-required=\"true\"> <label for=\"form-field--5\">Rumanisht<\/label><\/span><span class=\"ui-e-field-option\"><input type=\"checkbox\" value=\"Bullgarisht\" id=\"form-field--6\" name=\"form_fields[][]\" data-ui-e-required=\"true\"> <label for=\"form-field--6\">Bullgarisht<\/label><\/span><span class=\"ui-e-field-option\"><input type=\"checkbox\" value=\"Shqip\" id=\"form-field--7\" name=\"form_fields[][]\" data-ui-e-required=\"true\"> <label for=\"form-field--7\">Shqip<\/label><\/span><\/div>                    <\/div>\n\n                \n                    <div class=\"ui-e-field-type-checkbox ui-e-field-group elementor-column ui-e-field-group-field_j38rori elementor-col-100  ui-e-required\">\n                                                    <label for=\"form-field-field_j38rori\" class=\"ui-e-label\">\n                                Lloji i pun\u00ebs                            <\/label>\n                            <div class=\"ui-e-field-subgroup  ui-e-subgroup-inline\"><span class=\"ui-e-field-option\"><input type=\"checkbox\" value=\"N\u00eb zyr\u00eb\" id=\"form-field-field_j38rori-0\" name=\"form_fields[field_j38rori][]\" data-ui-e-required=\"true\"> <label for=\"form-field-field_j38rori-0\">N\u00eb zyr\u00eb<\/label><\/span><span class=\"ui-e-field-option\"><input type=\"checkbox\" value=\"Remote\" id=\"form-field-field_j38rori-1\" name=\"form_fields[field_j38rori][]\" data-ui-e-required=\"true\"> <label for=\"form-field-field_j38rori-1\">Remote<\/label><\/span><span class=\"ui-e-field-option\"><input type=\"checkbox\" value=\"Me zhvendosje\" id=\"form-field-field_j38rori-2\" name=\"form_fields[field_j38rori][]\" data-ui-e-required=\"true\"> <label for=\"form-field-field_j38rori-2\">Me zhvendosje<\/label><\/span><span class=\"ui-e-field-option\"><input type=\"checkbox\" value=\"Hibride\" id=\"form-field-field_j38rori-3\" name=\"form_fields[field_j38rori][]\" data-ui-e-required=\"true\"> <label for=\"form-field-field_j38rori-3\">Hibride<\/label><\/span><\/div>                    <\/div>\n\n                \n                    <div class=\"ui-e-field-type-textarea ui-e-field-group elementor-column ui-e-field-group- elementor-col-100  ui-e-required\">\n                                                    <label for=\"form-field-\" class=\"ui-e-label\">\n                                Lloji i pozicioneve q\u00eb k\u00ebrkoni t\u00eb plot\u00ebsoni                            <\/label>\n                            <textarea class=\"ui-e-field \" name=\"form_fields[]\" id=\"form-field-\" rows=\"4\" placeholder=\"Shto list\u00ebn e roleve k\u00ebtu\" required=\"required\" aria-required=\"true\"><\/textarea>                    <\/div>\n\n                \n                    <div class=\"ui-e-field-type-textarea ui-e-field-group elementor-column ui-e-field-group- elementor-col-100  ui-e-required\">\n                                                    <label for=\"form-field-\" class=\"ui-e-label\">\n                                Sh\u00ebnime shtes\u00eb                            <\/label>\n                            <textarea class=\"ui-e-field \" name=\"form_fields[]\" id=\"form-field-\" rows=\"4\" placeholder=\"K\u00ebrkesa apo informacione t\u00eb tjera t\u00eb r\u00ebnd\u00ebsishme\" required=\"required\" aria-required=\"true\"><\/textarea>                    <\/div>\n\n                \n                    <div class=\"ui-e-field-type-acceptance ui-e-field-group elementor-column ui-e-field-group-field_24afskb elementor-col-100  ui-e-required\">\n                                                    <label for=\"form-field-field_24afskb\" class=\"ui-e-label\">\n                                Privat\u00ebsia Jote                            <\/label>\n                                    <div class=\"ui-e-field-subgroup \">\n            <input type=\"checkbox\" name=\"form_fields[field_24afskb]\" id=\"form-field-field_24afskb\" class=\"ui-e-field  ui-e-acceptance-field\" required=\"required\" aria-required=\"true\">\n            <label for=\"form-field-field_24afskb\">Pranoj t\u00eb kontaktohem n\u00eb lidhje me k\u00ebt\u00eb k\u00ebrkes\u00eb dhe konfirmoj q\u00eb informacioni i dh\u00ebn\u00eb \u00ebsht\u00eb i sakt\u00eb.<\/label>        <\/div>\n                        <\/div>\n\n                \n                <div class=\"ui-e-field-group elementor-column ui-e-field-type-submit elementor-col-100 e-form__buttons\">\n                    <button type=\"submit\" class=\"elementor-button\">\n                        <span >\n                                                            <span class=\"\">\n                                                                                                        <\/span>\n                                                                                        <span class=\"ui-e-text\">Apliko Tani<\/span>\n                                                    <\/span>\n                    <\/button>\n                <\/div>\n\n            <\/div>\n\n            <div class=\"ui-e-message \">\n                            <\/div>\n        <\/form>\n                <script>\n            window.ui_e_form_validation_messages = {\"required_fields\":\"Fill all required fields.\"};\n        <\/script>\n\t\t\t\t<\/div>\n\t\t\t\t\t<\/div>\n\t\t\t\t<\/div>\n\t\t\t\t<\/div>\n\t\t","protected":false},"excerpt":{"rendered":"<p>Fillo Rekrutimin Tani Plot\u00ebso formularin m\u00eb posht\u00eb dhe ne do t\u00eb t\u00eb kontaktojm\u00eb brenda 24 or\u00ebve. Emri i plot\u00eb Emri i kompanis\u00eb [&hellip;]<\/p>\n","protected":false},"author":1,"featured_media":0,"parent":0,"menu_order":0,"comment_status":"closed","ping_status":"closed","template":"","meta":{"footnotes":""},"class_list":["post-367","page","type-page","status-publish","hentry"],"_links":{"self":[{"href":"https:\/\/dream.al\/al\/wp-json\/wp\/v2\/pages\/367","targetHints":{"allow":["GET"]}}],"collection":[{"href":"https:\/\/dream.al\/al\/wp-json\/wp\/v2\/pages"}],"about":[{"href":"https:\/\/dream.al\/al\/wp-json\/wp\/v2\/types\/page"}],"author":[{"embeddable":true,"href":"https:\/\/dream.al\/al\/wp-json\/wp\/v2\/users\/1"}],"replies":[{"embeddable":true,"href":"https:\/\/dream.al\/al\/wp-json\/wp\/v2\/comments?post=367"}],"version-history":[{"count":13,"href":"https:\/\/dream.al\/al\/wp-json\/wp\/v2\/pages\/367\/revisions"}],"predecessor-version":[{"id":1751,"href":"https:\/\/dream.al\/al\/wp-json\/wp\/v2\/pages\/367\/revisions\/1751"}],"wp:attachment":[{"href":"https:\/\/dream.al\/al\/wp-json\/wp\/v2\/media?parent=367"}],"curies":[{"name":"wp","href":"https:\/\/api.w.org\/{rel}","templated":true}]}}