{"id":371,"date":"2025-07-07T08:15:00","date_gmt":"2025-07-07T08:15:00","guid":{"rendered":"https:\/\/dream.al\/al\/?page_id=371"},"modified":"2025-07-20T10:29:52","modified_gmt":"2025-07-20T10:29:52","slug":"impressum","status":"publish","type":"page","link":"https:\/\/dream.al\/al\/impressum\/","title":{"rendered":"Impressum"},"content":{"rendered":"\t\t<div data-elementor-type=\"wp-page\" data-elementor-id=\"371\" class=\"elementor elementor-371\">\n\t\t\t\t<div class=\"elementor-element elementor-element-9ed66fb e-flex e-con-boxed e-con e-parent\" data-id=\"9ed66fb\" data-element_type=\"container\">\n\t\t\t\t\t<div class=\"e-con-inner\">\n\t\t\t\t<div class=\"elementor-element elementor-element-9a656e9 elementor-widget elementor-widget-spacer\" data-id=\"9a656e9\" data-element_type=\"widget\" data-widget_type=\"spacer.default\">\n\t\t\t\t\t\t\t<div class=\"elementor-spacer\">\n\t\t\t<div class=\"elementor-spacer-inner\"><\/div>\n\t\t<\/div>\n\t\t\t\t\t\t<\/div>\n\t\t\t\t\t<\/div>\n\t\t\t\t<\/div>\n\t\t<div class=\"elementor-element elementor-element-e695de2 e-flex e-con-boxed e-con e-parent\" data-id=\"e695de2\" data-element_type=\"container\">\n\t\t\t\t\t<div class=\"e-con-inner\">\n\t\t<div class=\"elementor-element elementor-element-2683c24 e-con-full e-flex e-con e-child\" data-id=\"2683c24\" data-element_type=\"container\">\n\t\t\t\t<\/div>\n\t\t<div class=\"elementor-element elementor-element-9d1950b e-con-full e-flex e-con e-child\" data-id=\"9d1950b\" data-element_type=\"container\">\n\t\t\t\t<div class=\"elementor-element elementor-element-9ea95c5 elementor-widget elementor-widget-text-editor\" data-id=\"9ea95c5\" data-element_type=\"widget\" data-widget_type=\"text-editor.default\">\n\t\t\t\t\t\t\t\t\t<p><strong>Operatori i Faqes:<\/strong><\/p><p>Dream.al operohet nga subjekti juridik i m\u00ebposht\u00ebm:<\/p><p><strong>Emri i Kompanis\u00eb:<\/strong><\/p><p>Totsi Island Properties Group I.K.E.<\/p><p><strong>Forma Juridike:<\/strong><\/p><p>Kompan\u00ed Private (IKE), e regjistruar n\u00eb Greqi<\/p><p><strong>Numri i Regjistrimit n\u00eb GEMI:<\/strong><\/p><p>179830458000<\/p><p><strong>Numri i Identifikimit t\u00eb TVSH-s\u00eb (\u0391\u03a6\u039c):<\/strong><\/p><p>EL802627758<\/p><p><strong>Adresa e Regjistruar:<\/strong><\/p><p>\u0395\u03c0\u03b1\u03c1.\u039f\u03b4. \u0391\u03c0\u03bf\u03ba\u03bf\u03c1\u03ce\u03bd\u03bf\u03c5 &#8211; \u03a7\u03b1\u03bd\u03af\u03c9\u03bd 632<\/p><p>Kalives 730 03, Chania, Kreta, Greqi<\/p><p><strong>Zyra P\u00ebrfaq\u00ebsuese n\u00eb Shqip\u00ebri<\/strong><br \/>Rr. Hysen Kertusha, 2000, Durr\u00ebs, Shqip\u00ebri<br \/>Kjo \u00ebsht\u00eb nj\u00eb zyr\u00eb jo-juridike q\u00eb p\u00ebrdoret p\u00ebr operacione lokale, k\u00ebrkim kandidat\u00ebsh dhe mb\u00ebshtetje.<\/p><p><strong>Drejtori Menaxhues:<\/strong><\/p><p>Klajdi Toci<\/p><p><strong>Informacione Kontakti:<\/strong><\/p><p>Email: <a href=\"mailto:imprint@dream.al\">imprint@dream.al<\/a><br \/>Tel (GR): +30 698 3200 953<br \/>Tel (AL): +355 68 60 80 345<br \/>Faqja zyrtare: <a href=\"https:\/\/dream.al\/al\" target=\"_blank\" rel=\"noopener\">https:\/\/dream.al\/al<\/a><\/p><p><strong>Veprimtaria e Biznesit:<\/strong><\/p><p>Dream.al lidh kompani me profesionist\u00eb shum\u00ebgjuh\u00ebsh, kryesisht p\u00ebr rekrutim, mb\u00ebshtetje n\u00eb pun\u00ebsim dhe sh\u00ebrbime zhvendosjeje. Platforma jon\u00eb ndihmon pun\u00ebk\u00ebrkues dhe pun\u00ebdh\u00ebn\u00ebs n\u00eb Shqip\u00ebri, Ballkan dhe n\u00eb tregun m\u00eb t\u00eb gjer\u00eb europian.<\/p><p><strong>Sh\u00ebnim mbi P\u00ebrgjegj\u00ebsin\u00eb:<\/strong><\/p><p>Nd\u00ebrsa p\u00ebrpiqemi t\u00eb mbajm\u00eb informacionin n\u00eb k\u00ebt\u00eb faqe t\u00eb sakt\u00eb dhe t\u00eb p\u00ebrdit\u00ebsuar, nuk mbajm\u00eb p\u00ebrgjegj\u00ebsi p\u00ebr lidhjet e jashtme apo p\u00ebrmbajtjen e pal\u00ebve t\u00eb treta. P\u00ebrgjegj\u00ebsia p\u00ebr faqet e lidhura i takon vet\u00ebm operator\u00ebve t\u00eb tyre.<\/p>\t\t\t\t\t\t\t\t<\/div>\n\t\t\t\t<\/div>\n\t\t<div class=\"elementor-element elementor-element-63f7d3b e-con-full e-flex e-con e-child\" data-id=\"63f7d3b\" data-element_type=\"container\">\n\t\t\t\t<\/div>\n\t\t\t\t\t<\/div>\n\t\t\t\t<\/div>\n\t\t\t\t<\/div>\n\t\t","protected":false},"excerpt":{"rendered":"<p>Operatori i Faqes: Dream.al operohet nga subjekti juridik i m\u00ebposht\u00ebm: Emri i Kompanis\u00eb: Totsi Island Properties Group I.K.E. Forma Juridike: Kompan\u00ed Private [&hellip;]<\/p>\n","protected":false},"author":1,"featured_media":0,"parent":0,"menu_order":0,"comment_status":"closed","ping_status":"closed","template":"","meta":{"footnotes":""},"class_list":["post-371","page","type-page","status-publish","hentry"],"_links":{"self":[{"href":"https:\/\/dream.al\/al\/wp-json\/wp\/v2\/pages\/371","targetHints":{"allow":["GET"]}}],"collection":[{"href":"https:\/\/dream.al\/al\/wp-json\/wp\/v2\/pages"}],"about":[{"href":"https:\/\/dream.al\/al\/wp-json\/wp\/v2\/types\/page"}],"author":[{"embeddable":true,"href":"https:\/\/dream.al\/al\/wp-json\/wp\/v2\/users\/1"}],"replies":[{"embeddable":true,"href":"https:\/\/dream.al\/al\/wp-json\/wp\/v2\/comments?post=371"}],"version-history":[{"count":8,"href":"https:\/\/dream.al\/al\/wp-json\/wp\/v2\/pages\/371\/revisions"}],"predecessor-version":[{"id":1598,"href":"https:\/\/dream.al\/al\/wp-json\/wp\/v2\/pages\/371\/revisions\/1598"}],"wp:attachment":[{"href":"https:\/\/dream.al\/al\/wp-json\/wp\/v2\/media?parent=371"}],"curies":[{"name":"wp","href":"https:\/\/api.w.org\/{rel}","templated":true}]}}