{"id":373,"date":"2025-07-07T08:06:57","date_gmt":"2025-07-07T08:06:57","guid":{"rendered":"https:\/\/dream.al\/al\/?page_id=373"},"modified":"2025-07-20T16:39:27","modified_gmt":"2025-07-20T16:39:27","slug":"kushtet","status":"publish","type":"page","link":"https:\/\/dream.al\/al\/kushtet\/","title":{"rendered":"Kushtet e P\u00ebrdorimit"},"content":{"rendered":"\t\t<div data-elementor-type=\"wp-page\" data-elementor-id=\"373\" class=\"elementor elementor-373\">\n\t\t\t\t<div class=\"elementor-element elementor-element-9ed66fb e-flex e-con-boxed e-con e-parent\" data-id=\"9ed66fb\" data-element_type=\"container\">\n\t\t\t\t\t<div class=\"e-con-inner\">\n\t\t\t\t<div class=\"elementor-element elementor-element-9a656e9 elementor-widget elementor-widget-spacer\" data-id=\"9a656e9\" data-element_type=\"widget\" data-widget_type=\"spacer.default\">\n\t\t\t\t\t\t\t<div class=\"elementor-spacer\">\n\t\t\t<div class=\"elementor-spacer-inner\"><\/div>\n\t\t<\/div>\n\t\t\t\t\t\t<\/div>\n\t\t\t\t\t<\/div>\n\t\t\t\t<\/div>\n\t\t<div class=\"elementor-element elementor-element-35d611f e-flex e-con-boxed e-con e-parent\" data-id=\"35d611f\" data-element_type=\"container\">\n\t\t\t\t\t<div class=\"e-con-inner\">\n\t\t<div class=\"elementor-element elementor-element-cc7ffe4 e-con-full e-flex e-con e-child\" data-id=\"cc7ffe4\" data-element_type=\"container\">\n\t\t\t\t<\/div>\n\t\t<div class=\"elementor-element elementor-element-54175b5 e-con-full e-flex e-con e-child\" data-id=\"54175b5\" data-element_type=\"container\">\n\t\t\t\t<div class=\"elementor-element elementor-element-205d824 elementor-widget elementor-widget-text-editor\" data-id=\"205d824\" data-element_type=\"widget\" data-widget_type=\"text-editor.default\">\n\t\t\t\t\t\t\t\t\t<h2>Kushtet e P\u00ebrdorimit<\/h2><p><strong>Data e hyrjes n\u00eb fuqi:<\/strong> 15\/06\/2025<\/p><p>K\u00ebto Kushte P\u00ebrdorimi (&#8220;Marr\u00ebveshja&#8221;) rregullojn\u00eb ofrimin e sh\u00ebrbimeve t\u00eb rekrutimit nga Dream.al (&#8220;Ne&#8221;, &#8220;Nesh&#8221;, &#8220;Jon\u00eb&#8221;) p\u00ebr kompanin\u00eb kliente (&#8220;Klienti&#8221;, &#8220;Ju&#8221;, &#8220;Juaj&#8221;). Duke p\u00ebrdorur sh\u00ebrbimet tona, Ju pranoni k\u00ebto kushte.<\/p><h3>1. Fusha e Sh\u00ebrbimeve<\/h3><p>1.1 <strong>Ne specializohemi<\/strong> n\u00eb rekrutimin nd\u00ebrkomb\u00ebtar, p\u00ebrzgjedhjen e kandidat\u00ebve, para-vler\u00ebsimin, dhe koordinimin e zhvendosjes dhe integrimit.<\/p><p>1.2 <strong>Nuk i pun\u00ebsojm\u00eb<\/strong> kandidat\u00ebt, nuk veprojm\u00eb si agjenci pun\u00ebsimi dhe nuk mbajm\u00eb p\u00ebrgjegj\u00ebsi p\u00ebr pagat, taksat ose sponsorizimin e vizave, p\u00ebrve\u00e7se kur specifikohet ndryshe me shkrim.<\/p><p>1.3 <strong>Klienti mban p\u00ebrgjegj\u00ebsin\u00eb<\/strong> p\u00ebr kontratat e pun\u00ebs, p\u00ebrpunimin e vizave dhe p\u00ebrputhshm\u00ebrin\u00eb ligjore n\u00eb vendin e tij.<\/p><h3>2. Prezantimi dhe Pron\u00ebsia e Kandidatit<\/h3><p>2.1 Nj\u00eb kandidat konsiderohet i \u201cprezantuar\u201d kur <strong>ofrojm\u00eb CV-n\u00eb, profilin<\/strong> ose t\u00eb dh\u00ebna t\u00eb tij me e-mail, mesazh ose form\u00eb tjet\u00ebr t\u00eb dokumentuar.<\/p><p>2.2 <strong>Pron\u00ebsia e kandidatit<\/strong> vlen p\u00ebr <strong>6 muaj<\/strong> nga data e prezantimit. N\u00ebse Klienti e pun\u00ebson (drejtp\u00ebrdrejt ose jo) brenda k\u00ebsaj periudhe, tarifa jon\u00eb zbatohet.<\/p><p>2.3 N\u00ebse kandidati njihej m\u00eb par\u00eb nga Klienti, ai duhet t\u00eb <strong>njoftoj\u00eb me shkrim brenda 48 or\u00ebve<\/strong>. Mungesa e njoftimit konsiderohet si pranim i prezantimit.<\/p><h3>3. Tarifat, Faturimi dhe Pagesa<\/h3><p>3.1 <strong>Tarifat p\u00ebrcaktohen me shkrim<\/strong> p\u00ebrpara fillimit t\u00eb angazhimit.<\/p><p>3.2 Ato mund t\u00eb jen\u00eb p\u00ebrqindje e pag\u00ebs vjetore bruto, tarif\u00eb fikse p\u00ebr \u00e7do pun\u00ebsim ose tarif\u00eb p\u00ebr projekt, sipas rastit.<\/p><p>3.3 <strong>Faturat l\u00ebshohen<\/strong> n\u00eb dit\u00ebn e fillimit t\u00eb pun\u00ebs ose n\u00eb n\u00ebnshkrimin e kontrat\u00ebs, cilado ndodh m\u00eb her\u00ebt.<\/p><p>3.4 Pagesat duhen b\u00ebr\u00eb <strong>brenda 14 dit\u00ebve<\/strong> nga data e fatur\u00ebs, p\u00ebrve\u00e7se kur bihet dakord ndryshe.<\/p><p>3.5 P\u00ebr pagesa t\u00eb vonuara aplikohet <strong>interes prej 2% n\u00eb muaj<\/strong>, me p\u00ebrllogaritje mujore t\u00eb p\u00ebrb\u00ebr\u00eb.<\/p><p>3.6 T\u00eb gjitha tarifat jan\u00eb <strong>pa p\u00ebrfshir\u00eb TVSH-n\u00eb<\/strong> ose taksat e tjera lokale.<\/p><p>3.7 \u00c7do tatim apo taks\u00eb nga autoritetet \u00ebsht\u00eb <strong>p\u00ebrgjegj\u00ebsi e Klientit<\/strong>.<\/p><h3>4. Vlefshm\u00ebria e Kandidat\u00ebve dhe P\u00ebrjashtimi nga P\u00ebrgjegj\u00ebsia<\/h3><p>4.1 <strong>Ne vler\u00ebsojm\u00eb<\/strong> aft\u00ebsit\u00eb dhe p\u00ebrvoj\u00ebn p\u00ebrmes intervistave dhe verifikimeve, sipas rastit.<\/p><p>4.2 Vendimi p\u00ebrfundimtar i pun\u00ebsimit \u00ebsht\u00eb p\u00ebrgjegj\u00ebsi e Klientit. <strong>Nuk garantojm\u00eb performanc\u00ebn<\/strong> ose q\u00ebndrueshm\u00ebrin\u00eb afatgjat\u00eb t\u00eb kandidat\u00ebve.<\/p><p>4.3 Nuk mbajm\u00eb p\u00ebrgjegj\u00ebsi p\u00ebr <strong>d\u00ebme apo humbje<\/strong> q\u00eb rrjedhin nga vendimet e Klientit.<\/p><h3>5. Politika e Z\u00ebvend\u00ebsimit<\/h3><p>5.1 Nuk ofrojm\u00eb <strong>garanci automatike p\u00ebr z\u00ebvend\u00ebsim<\/strong>.<\/p><p>5.2 Vet\u00ebm n\u00eb raste t\u00eb ve\u00e7anta, kur bihet dakord me shkrim, ofrojm\u00eb <strong>nj\u00eb z\u00ebvend\u00ebsim<\/strong> brenda <strong>14 dit\u00ebve kalendarike<\/strong> nga dita e fillimit t\u00eb pun\u00ebs.<\/p><p>5.3 Z\u00ebvend\u00ebsimi \u00ebsht\u00eb i vlefsh\u00ebm vet\u00ebm pas pages\u00ebs s\u00eb plot\u00eb dhe nuk vlen p\u00ebr raste t\u00eb pushimeve nga puna, ristrukturimeve apo largimeve t\u00eb padrejta.<\/p><h3>6. Detyrimet e Klientit<\/h3><p>6.1 T\u00eb <strong>siguroj\u00eb p\u00ebrshkrime t\u00eb sakta<\/strong> t\u00eb pun\u00ebs dhe kushteve t\u00eb saj.<\/p><p>6.2 T\u00eb <strong>njoftoj\u00eb brenda 72 or\u00ebve<\/strong> n\u00ebse pun\u00ebson nj\u00eb kandidat t\u00eb prezantuar nga ne.<\/p><p>6.3 T\u00eb menaxhoj\u00eb t\u00eb gjitha proceset e pun\u00ebsimit dhe p\u00ebrputhshm\u00ebris\u00eb ligjore.<\/p><p>6.4 T\u00eb <strong>trajtoj\u00eb t\u00eb dh\u00ebnat<\/strong> dhe kandidat\u00ebt me konfidencialitet dhe profesionaliz\u00ebm.<\/p><h3>7. Konfidencialiteti<\/h3><p>7.1 Pal\u00ebt bien dakord t\u00eb <strong>trajtojn\u00eb si konfidenciale<\/strong> t\u00eb gjitha t\u00eb dh\u00ebnat dhe komunikimet.<\/p><p>7.2 Nuk lejohet <strong>shp\u00ebrndarja e informacionit<\/strong> pa leje me shkrim, p\u00ebrve\u00e7 rasteve ligjore.<\/p><h3>8. Mbrojtja e t\u00eb Dh\u00ebnave<\/h3><p>8.1 Ne zbatojm\u00eb <strong>Rregulloren e GDPR<\/strong> dhe ligjet p\u00ebrkat\u00ebse p\u00ebr privat\u00ebsin\u00eb.<\/p><p>8.2 Klienti angazhohet t\u00eb <strong>trajtoj\u00eb t\u00eb dh\u00ebnat e kandidat\u00ebve<\/strong> n\u00eb p\u00ebrputhje me ligjin dhe vet\u00ebm p\u00ebr q\u00ebllime rekrutimi.<\/p><h3>9. Kufizimi i P\u00ebrgjegj\u00ebsis\u00eb<\/h3><p>9.1 Ne nuk mbajm\u00eb p\u00ebrgjegj\u00ebsi p\u00ebr:<\/p><ul><li>Veprimet ose mosveprimet e kandidat\u00ebve t\u00eb pun\u00ebsuar<\/li><li>D\u00ebme indirekte ose t\u00eb rast\u00ebsishme<\/li><li>Mosmarr\u00ebveshje mes Klientit dhe kandidatit<\/li><\/ul><p>9.2 <strong>P\u00ebrgjegj\u00ebsia jon\u00eb maksimale<\/strong> kufizohet n\u00eb shum\u00ebn q\u00eb \u00ebsht\u00eb paguar p\u00ebr pun\u00ebsimin konkret.<\/p><h3>10. Zgjidhja e Marr\u00ebveshjes<\/h3><p>10.1 Pal\u00ebt mund t\u00eb <strong>zgjidhin marr\u00ebveshjen<\/strong> n\u00eb \u00e7do koh\u00eb me njoftim me shkrim.<\/p><p>10.2 \u00c7do prezantim kandidati mbetet i vlefsh\u00ebm p\u00ebr <strong>6 muaj<\/strong> pas zgjidhjes.<\/p><h3>11. E Drejta q\u00eb Qeveris dhe Juridiksioni<\/h3><p>11.1 Marr\u00ebveshja qeveriset nga ligjet e <strong>Greqis\u00eb<\/strong>.<\/p><p>11.2 Mosmarr\u00ebveshjet do t\u00eb zgjidhen nga <strong>gjykatat e Athin\u00ebs<\/strong>, p\u00ebrve\u00e7 rasteve kur bihet dakord ndryshe.<\/p><h3>12. Dispozita P\u00ebrfundimtare<\/h3><p>12.1 Ndryshimet jan\u00eb t\u00eb vlefshme vet\u00ebm me <strong>shkres\u00eb t\u00eb p\u00ebrbashk\u00ebt<\/strong>.<\/p><p>12.2 N\u00ebse nj\u00eb klauzol\u00eb shpallet e pavlefshme, pjesa tjet\u00ebr e marr\u00ebveshjes <strong>mbetet n\u00eb fuqi<\/strong>.<\/p><p>12.3 K\u00ebto kushte p\u00ebrb\u00ebjn\u00eb <strong>marr\u00ebveshjen e plot\u00eb<\/strong> mes pal\u00ebve dhe z\u00ebvend\u00ebsojn\u00eb \u00e7do marr\u00ebveshje t\u00eb m\u00ebparshme.<\/p><h3>13. Kontakt<\/h3><p>Pyetje apo njoftime mund t\u00eb d\u00ebrgohen n\u00eb:<br \/><strong>Email:<\/strong> terms@dream.al<br \/><strong>Adresa:<\/strong> \u0395\u03c0\u03b1\u03c1.\u039f\u03b4. \u0391\u03c0\u03bf\u03ba\u03bf\u03c1\u03ce\u03bd\u03bf\u03c5 &#8211; \u03a7\u03b1\u03bd\u03af\u03c9\u03bd 632, Kalives 730\u202f03, Chania, Greqi<\/p>\t\t\t\t\t\t\t\t<\/div>\n\t\t\t\t<\/div>\n\t\t<div class=\"elementor-element elementor-element-a53e5e7 e-con-full e-flex e-con e-child\" data-id=\"a53e5e7\" data-element_type=\"container\">\n\t\t\t\t<\/div>\n\t\t\t\t\t<\/div>\n\t\t\t\t<\/div>\n\t\t\t\t<\/div>\n\t\t","protected":false},"excerpt":{"rendered":"<p>Kushtet e P\u00ebrdorimit Data e hyrjes n\u00eb fuqi: 15\/06\/2025 K\u00ebto Kushte P\u00ebrdorimi (&#8220;Marr\u00ebveshja&#8221;) rregullojn\u00eb ofrimin e sh\u00ebrbimeve t\u00eb rekrutimit nga Dream.al (&#8220;Ne&#8221;, [&hellip;]<\/p>\n","protected":false},"author":1,"featured_media":0,"parent":0,"menu_order":0,"comment_status":"closed","ping_status":"closed","template":"","meta":{"footnotes":""},"class_list":["post-373","page","type-page","status-publish","hentry"],"_links":{"self":[{"href":"https:\/\/dream.al\/al\/wp-json\/wp\/v2\/pages\/373","targetHints":{"allow":["GET"]}}],"collection":[{"href":"https:\/\/dream.al\/al\/wp-json\/wp\/v2\/pages"}],"about":[{"href":"https:\/\/dream.al\/al\/wp-json\/wp\/v2\/types\/page"}],"author":[{"embeddable":true,"href":"https:\/\/dream.al\/al\/wp-json\/wp\/v2\/users\/1"}],"replies":[{"embeddable":true,"href":"https:\/\/dream.al\/al\/wp-json\/wp\/v2\/comments?post=373"}],"version-history":[{"count":9,"href":"https:\/\/dream.al\/al\/wp-json\/wp\/v2\/pages\/373\/revisions"}],"predecessor-version":[{"id":1713,"href":"https:\/\/dream.al\/al\/wp-json\/wp\/v2\/pages\/373\/revisions\/1713"}],"wp:attachment":[{"href":"https:\/\/dream.al\/al\/wp-json\/wp\/v2\/media?parent=373"}],"curies":[{"name":"wp","href":"https:\/\/api.w.org\/{rel}","templated":true}]}}