{"id":387,"date":"2025-07-07T22:44:46","date_gmt":"2025-07-07T22:44:46","guid":{"rendered":"https:\/\/dream.al\/al\/?page_id=387"},"modified":"2025-07-21T08:04:03","modified_gmt":"2025-07-21T08:04:03","slug":"refero-kandidat","status":"publish","type":"page","link":"https:\/\/dream.al\/al\/refero-kandidat\/","title":{"rendered":"Refero Kandidat"},"content":{"rendered":"\t\t<div data-elementor-type=\"wp-page\" data-elementor-id=\"387\" class=\"elementor elementor-387\">\n\t\t\t\t<div class=\"elementor-element elementor-element-df39e54 e-flex e-con-boxed e-con e-parent\" data-id=\"df39e54\" data-element_type=\"container\">\n\t\t\t\t\t<div class=\"e-con-inner\">\n\t\t\t\t<div class=\"elementor-element elementor-element-f9fd186 elementor-widget elementor-widget-spacer\" data-id=\"f9fd186\" data-element_type=\"widget\" data-widget_type=\"spacer.default\">\n\t\t\t\t\t\t\t<div class=\"elementor-spacer\">\n\t\t\t<div class=\"elementor-spacer-inner\"><\/div>\n\t\t<\/div>\n\t\t\t\t\t\t<\/div>\n\t\t\t\t\t<\/div>\n\t\t\t\t<\/div>\n\t\t<div class=\"elementor-element elementor-element-2830bb8f e-flex e-con-boxed e-con e-parent\" data-id=\"2830bb8f\" data-element_type=\"container\">\n\t\t\t\t\t<div class=\"e-con-inner\">\n\t\t\t\t<div class=\"elementor-element elementor-element-71a3e9bc elementor-invisible elementor-widget elementor-widget-heading\" data-id=\"71a3e9bc\" data-element_type=\"widget\" data-settings=\"{&quot;_animation_delay&quot;:250,&quot;_animation&quot;:&quot;fadeInUp&quot;}\" data-widget_type=\"heading.default\">\n\t\t\t\t\t<h1 class=\"elementor-heading-title elementor-size-default\">Njihni dik\u00eb q\u00eb k\u00ebrkon pun\u00eb n\u00eb Shqip\u00ebri?<\/h1>\t\t\t\t<\/div>\n\t\t\t\t<div class=\"elementor-element elementor-element-86c0371 elementor-invisible elementor-widget elementor-widget-text-editor\" data-id=\"86c0371\" data-element_type=\"widget\" data-settings=\"{&quot;_animation_delay&quot;:500,&quot;_animation&quot;:&quot;fadeInUp&quot;}\" data-widget_type=\"text-editor.default\">\n\t\t\t\t\t\t\t\t\t<p>Na d\u00ebrgoni t\u00eb dh\u00ebnat e tyre dhe ne do t\u2019i kontaktojm\u00eb me <strong data-start=\"266\" data-end=\"292\">mund\u00ebsi reale pun\u00ebsimi<\/strong>. Procesi \u00ebsht\u00eb <strong data-start=\"308\" data-end=\"321\">i shpejt\u00eb<\/strong>, <strong data-start=\"323\" data-end=\"333\">privat<\/strong> dhe <strong data-start=\"338\" data-end=\"351\">pa pages\u00eb<\/strong>.<\/p>\t\t\t\t\t\t\t\t<\/div>\n\t\t\t\t<div class=\"elementor-element elementor-element-2759789b ui-e-submit-align-center elementor-invisible elementor-widget elementor-widget-uicore-contact-form\" data-id=\"2759789b\" data-element_type=\"widget\" data-settings=\"{&quot;_animation_delay&quot;:750,&quot;_animation&quot;:&quot;fadeInUp&quot;}\" data-widget_type=\"uicore-contact-form.default\">\n\t\t\t\t\t\n        <form class=\"ui-e-form\" method=\"post\" name=\"New Form\">\n\n            <input type=\"hidden\" name=\"post_id\" value=\"387\" \/>\n            <input type=\"hidden\" name=\"widget_type\" value=\"contact-form\">\n\n            <input type=\"hidden\" name=\"required_fields_message\" value=\"Fill all required fields.\">\n\n            <div class=\"ui-e-fields-wrp\">\n\n                \n                    <div class=\"ui-e-field-type-text ui-e-field-group elementor-column ui-e-field-group-name elementor-col-100  ui-e-required\">\n                                                    <label for=\"form-field-name\" class=\"ui-e-label\">\n                                Emri i Kandidatit                            <\/label>\n                                                            <input size=\"1\" type=\"text\" name=\"form_fields[name]\" id=\"form-field-name\" class=\"ui-e-field  ui-e-field-textual\" placeholder=\"John\" required=\"required\" aria-required=\"true\">\n                                            <\/div>\n\n                \n                    <div class=\"ui-e-field-type-text ui-e-field-group elementor-column ui-e-field-group-name elementor-col-100  ui-e-required\">\n                                                    <label for=\"form-field-name\" class=\"ui-e-label\">\n                                Mbiemri i Kandidatit                            <\/label>\n                                                            <input size=\"1\" type=\"text\" name=\"form_fields[name]\" id=\"form-field-name\" class=\"ui-e-field  ui-e-field-textual\" placeholder=\"Doe\" required=\"required\" aria-required=\"true\">\n                                            <\/div>\n\n                \n                    <div class=\"ui-e-field-type-tel ui-e-field-group elementor-column ui-e-field-group- elementor-col-100  ui-e-required\">\n                                                    <label for=\"form-field-\" class=\"ui-e-label\">\n                                Numri i Telefonit t\u00eb Kandidatit                            <\/label>\n                                                            <input size=\"1\" type=\"tel\" name=\"form_fields[]\" id=\"form-field-\" class=\"ui-e-field  ui-e-field-textual\" placeholder=\"+40 723 456 789\" required=\"required\" aria-required=\"true\">\n                                            <\/div>\n\n                \n                    <div class=\"ui-e-field-type-email ui-e-field-group elementor-column ui-e-field-group-email elementor-col-100  ui-e-required\">\n                                                    <label for=\"form-field-email\" class=\"ui-e-label\">\n                                Emaili i Kandidatit                            <\/label>\n                                                            <input size=\"1\" type=\"email\" name=\"form_fields[email]\" id=\"form-field-email\" class=\"ui-e-field  ui-e-field-textual\" placeholder=\"johndoe@gmail.com\" required=\"required\" aria-required=\"true\">\n                                            <\/div>\n\n                \n                    <div class=\"ui-e-field-type-text ui-e-field-group elementor-column ui-e-field-group-field_c920t77 elementor-col-100\">\n                                                    <label for=\"form-field-field_c920t77\" class=\"ui-e-label\">\n                                Shteti & Qyteti i Kandidatit                            <\/label>\n                                                            <input size=\"1\" type=\"text\" name=\"form_fields[field_c920t77]\" id=\"form-field-field_c920t77\" class=\"ui-e-field  ui-e-field-textual\" placeholder=\"Tirana\">\n                                            <\/div>\n\n                \n                    <div class=\"ui-e-field-type-checkbox ui-e-field-group elementor-column ui-e-field-group-field_fohdnvb elementor-col-100\">\n                                                    <label for=\"form-field-field_fohdnvb\" class=\"ui-e-label\">\n                                Gjuh\u00ebt q\u00eb flet kandidati                            <\/label>\n                            <div class=\"ui-e-field-subgroup  ui-e-subgroup-inline\"><span class=\"ui-e-field-option\"><input type=\"checkbox\" value=\"Italisht\" id=\"form-field-field_fohdnvb-0\" name=\"form_fields[field_fohdnvb][]\"> <label for=\"form-field-field_fohdnvb-0\">Italisht<\/label><\/span><span class=\"ui-e-field-option\"><input type=\"checkbox\" value=\"Anglisht\" id=\"form-field-field_fohdnvb-1\" name=\"form_fields[field_fohdnvb][]\"> <label for=\"form-field-field_fohdnvb-1\">Anglisht<\/label><\/span><span class=\"ui-e-field-option\"><input type=\"checkbox\" value=\"Gjermanisht\" id=\"form-field-field_fohdnvb-2\" name=\"form_fields[field_fohdnvb][]\"> <label for=\"form-field-field_fohdnvb-2\">Gjermanisht<\/label><\/span><span class=\"ui-e-field-option\"><input type=\"checkbox\" value=\"Rumanisht\" id=\"form-field-field_fohdnvb-3\" name=\"form_fields[field_fohdnvb][]\"> <label for=\"form-field-field_fohdnvb-3\">Rumanisht<\/label><\/span><span class=\"ui-e-field-option\"><input type=\"checkbox\" value=\"Bullgarisht\" id=\"form-field-field_fohdnvb-4\" name=\"form_fields[field_fohdnvb][]\"> <label for=\"form-field-field_fohdnvb-4\">Bullgarisht<\/label><\/span><span class=\"ui-e-field-option\"><input type=\"checkbox\" value=\"Rumanisht\" id=\"form-field-field_fohdnvb-5\" name=\"form_fields[field_fohdnvb][]\"> <label for=\"form-field-field_fohdnvb-5\">Rumanisht<\/label><\/span><span class=\"ui-e-field-option\"><input type=\"checkbox\" value=\"Greqisht\" id=\"form-field-field_fohdnvb-6\" name=\"form_fields[field_fohdnvb][]\"> <label for=\"form-field-field_fohdnvb-6\">Greqisht<\/label><\/span><\/div>                    <\/div>\n\n                \n                    <div class=\"ui-e-field-type-file ui-e-field-group elementor-column ui-e-field-group-field_cfyfup6 elementor-col-100\">\n                                                    <label for=\"form-field-field_cfyfup6\" class=\"ui-e-label\">\n                                Ngarko CV-n\u00eb (opsionale)                            <\/label>\n                                                            <input size=\"1\" type=\"file\" name=\"form_fields[field_cfyfup6]\" id=\"form-field-field_cfyfup6\" class=\"ui-e-field  ui-e-field-textual\">\n                                            <\/div>\n\n                \n                    <div class=\"ui-e-field-type-text ui-e-field-group elementor-column ui-e-field-group-name elementor-col-100  ui-e-required\">\n                                                    <label for=\"form-field-name\" class=\"ui-e-label\">\n                                Emri Juaj                            <\/label>\n                                                            <input size=\"1\" type=\"text\" name=\"form_fields[name]\" id=\"form-field-name\" class=\"ui-e-field  ui-e-field-textual\" placeholder=\"John\" required=\"required\" aria-required=\"true\">\n                                            <\/div>\n\n                \n                    <div class=\"ui-e-field-type-tel ui-e-field-group elementor-column ui-e-field-group- elementor-col-100  ui-e-required\">\n                                                    <label for=\"form-field-\" class=\"ui-e-label\">\n                                Numri Juaj i Telefonit                            <\/label>\n                                                            <input size=\"1\" type=\"tel\" name=\"form_fields[]\" id=\"form-field-\" class=\"ui-e-field  ui-e-field-textual\" placeholder=\"+355 68 123 4567\" required=\"required\" aria-required=\"true\">\n                                            <\/div>\n\n                \n                    <div class=\"ui-e-field-type-email ui-e-field-group elementor-column ui-e-field-group-email elementor-col-100  ui-e-required\">\n                                                    <label for=\"form-field-email\" class=\"ui-e-label\">\n                                Emaili Juaj                            <\/label>\n                                                            <input size=\"1\" type=\"email\" name=\"form_fields[email]\" id=\"form-field-email\" class=\"ui-e-field  ui-e-field-textual\" placeholder=\"johndoe@gmail.com\" required=\"required\" aria-required=\"true\">\n                                            <\/div>\n\n                \n                    <div class=\"ui-e-field-type-select ui-e-field-group elementor-column ui-e-field-group-field_2vj19ki elementor-col-100\">\n                                                    <label for=\"form-field-field_2vj19ki\" class=\"ui-e-label\">\n                                D\u00ebshironi t\u2019ju kontaktojm\u00eb n\u00ebse ata pun\u00ebsohen?                            <\/label>\n                                    <div class=\"ui-e-field ui-e-field-select ui-e-field-subgroup \">\n            <select name=\"form_fields[field_2vj19ki]\" id=\"form-field-field_2vj19ki\" class=\"ui-e-field-textual\">\n                                    <option value=\"Po\">Po<\/option>\n                                    <option value=\"Jo\">Jo<\/option>\n                            <\/select>\n        <\/div>\n                        <\/div>\n\n                \n                    <div class=\"ui-e-field-type-acceptance ui-e-field-group elementor-column ui-e-field-group-field_24afskb elementor-col-100\">\n                                                    <label for=\"form-field-field_24afskb\" class=\"ui-e-label\">\n                                Privat\u00ebsia juaj                            <\/label>\n                                    <div class=\"ui-e-field-subgroup \">\n            <input type=\"checkbox\" name=\"form_fields[field_24afskb]\" id=\"form-field-field_24afskb\" class=\"ui-e-field  ui-e-acceptance-field\">\n            <label for=\"form-field-field_24afskb\">Duke d\u00ebrguar k\u00ebt\u00eb formular, konfirmoni q\u00eb personi i referuar ju ka dh\u00ebn\u00eb leje p\u00ebr t\u00eb ndar\u00eb t\u00eb dh\u00ebnat e tij dhe pranon t\u00eb kontaktohet nga Dream.al p\u00ebr mund\u00ebsi pun\u00ebsimi.<\/label>        <\/div>\n                        <\/div>\n\n                \n                <div class=\"ui-e-field-group elementor-column ui-e-field-type-submit elementor-col-100 e-form__buttons\">\n                    <button type=\"submit\" class=\"elementor-button\">\n                        <span >\n                                                            <span class=\"\">\n                                                                                                        <\/span>\n                                                                                        <span class=\"ui-e-text\">Refero Tani<\/span>\n                                                    <\/span>\n                    <\/button>\n                <\/div>\n\n            <\/div>\n\n            <div class=\"ui-e-message \">\n                            <\/div>\n        <\/form>\n                <script>\n            window.ui_e_form_validation_messages = {\"required_fields\":\"Fill all required fields.\"};\n        <\/script>\n\t\t\t\t<\/div>\n\t\t\t\t\t<\/div>\n\t\t\t\t<\/div>\n\t\t\t\t<\/div>\n\t\t","protected":false},"excerpt":{"rendered":"<p>Njihni dik\u00eb q\u00eb k\u00ebrkon pun\u00eb n\u00eb Shqip\u00ebri? Na d\u00ebrgoni t\u00eb dh\u00ebnat e tyre dhe ne do t\u2019i kontaktojm\u00eb me mund\u00ebsi reale pun\u00ebsimi. [&hellip;]<\/p>\n","protected":false},"author":1,"featured_media":0,"parent":0,"menu_order":0,"comment_status":"closed","ping_status":"closed","template":"","meta":{"footnotes":""},"class_list":["post-387","page","type-page","status-publish","hentry"],"_links":{"self":[{"href":"https:\/\/dream.al\/al\/wp-json\/wp\/v2\/pages\/387","targetHints":{"allow":["GET"]}}],"collection":[{"href":"https:\/\/dream.al\/al\/wp-json\/wp\/v2\/pages"}],"about":[{"href":"https:\/\/dream.al\/al\/wp-json\/wp\/v2\/types\/page"}],"author":[{"embeddable":true,"href":"https:\/\/dream.al\/al\/wp-json\/wp\/v2\/users\/1"}],"replies":[{"embeddable":true,"href":"https:\/\/dream.al\/al\/wp-json\/wp\/v2\/comments?post=387"}],"version-history":[{"count":12,"href":"https:\/\/dream.al\/al\/wp-json\/wp\/v2\/pages\/387\/revisions"}],"predecessor-version":[{"id":1781,"href":"https:\/\/dream.al\/al\/wp-json\/wp\/v2\/pages\/387\/revisions\/1781"}],"wp:attachment":[{"href":"https:\/\/dream.al\/al\/wp-json\/wp\/v2\/media?parent=387"}],"curies":[{"name":"wp","href":"https:\/\/api.w.org\/{rel}","templated":true}]}}