{"id":389,"date":"2025-07-07T22:53:09","date_gmt":"2025-07-07T22:53:09","guid":{"rendered":"https:\/\/dream.al\/al\/?page_id=389"},"modified":"2025-07-21T08:04:12","modified_gmt":"2025-07-21T08:04:12","slug":"refero-kompani","status":"publish","type":"page","link":"https:\/\/dream.al\/al\/refero-kompani\/","title":{"rendered":"Refero Kompani"},"content":{"rendered":"\t\t<div data-elementor-type=\"wp-page\" data-elementor-id=\"389\" class=\"elementor elementor-389\">\n\t\t\t\t<div class=\"elementor-element elementor-element-3eb96534 e-flex e-con-boxed e-con e-parent\" data-id=\"3eb96534\" data-element_type=\"container\">\n\t\t\t\t\t<div class=\"e-con-inner\">\n\t\t\t\t<div class=\"elementor-element elementor-element-2060eb21 elementor-invisible elementor-widget elementor-widget-heading\" data-id=\"2060eb21\" data-element_type=\"widget\" data-settings=\"{&quot;_animation_delay&quot;:250,&quot;_animation&quot;:&quot;fadeInUp&quot;}\" data-widget_type=\"heading.default\">\n\t\t\t\t\t<h1 class=\"elementor-heading-title elementor-size-default\">Njihni nj\u00eb kompani q\u00eb k\u00ebrkon t\u00eb pun\u00ebsoj\u00eb n\u00eb Shqip\u00ebri?<\/h1>\t\t\t\t<\/div>\n\t\t\t\t<div class=\"elementor-element elementor-element-1d3b4367 elementor-invisible elementor-widget elementor-widget-text-editor\" data-id=\"1d3b4367\" data-element_type=\"widget\" data-settings=\"{&quot;_animation_delay&quot;:500,&quot;_animation&quot;:&quot;fadeInUp&quot;}\" data-widget_type=\"text-editor.default\">\n\t\t\t\t\t\t\t\t\t<p>Na d\u00ebrgoni t\u00eb dh\u00ebnat dhe ne do t\u2019i kontaktojm\u00eb. N\u00ebse nisin pun\u00ebsimin me ne, <strong data-start=\"306\" data-end=\"327\">do t\u2019ju njoftojm\u00eb<\/strong>.<\/p>\t\t\t\t\t\t\t\t<\/div>\n\t\t\t\t<div class=\"elementor-element elementor-element-375d8e77 ui-e-submit-align-center elementor-invisible elementor-widget elementor-widget-uicore-contact-form\" data-id=\"375d8e77\" data-element_type=\"widget\" data-settings=\"{&quot;_animation_delay&quot;:750,&quot;_animation&quot;:&quot;fadeInUp&quot;}\" data-widget_type=\"uicore-contact-form.default\">\n\t\t\t\t\t\n        <form class=\"ui-e-form\" method=\"post\" name=\"New Form\">\n\n            <input type=\"hidden\" name=\"post_id\" value=\"389\" \/>\n            <input type=\"hidden\" name=\"widget_type\" value=\"contact-form\">\n\n            <input type=\"hidden\" name=\"required_fields_message\" value=\"Fill all required fields.\">\n\n            <div class=\"ui-e-fields-wrp\">\n\n                \n                    <div class=\"ui-e-field-type-text ui-e-field-group elementor-column ui-e-field-group-name elementor-col-100  ui-e-required\">\n                                                    <label for=\"form-field-name\" class=\"ui-e-label\">\n                                Emri i Kompanis\u00eb                            <\/label>\n                                                            <input size=\"1\" type=\"text\" name=\"form_fields[name]\" id=\"form-field-name\" class=\"ui-e-field  ui-e-field-textual\" placeholder=\"Wolkswagen\" required=\"required\" aria-required=\"true\">\n                                            <\/div>\n\n                \n                    <div class=\"ui-e-field-type-text ui-e-field-group elementor-column ui-e-field-group-field_iwycwfi elementor-col-100\">\n                                                    <label for=\"form-field-field_iwycwfi\" class=\"ui-e-label\">\n                                Faqja zyrtare e kompanis\u00eb                            <\/label>\n                                                            <input size=\"1\" type=\"text\" name=\"form_fields[field_iwycwfi]\" id=\"form-field-field_iwycwfi\" class=\"ui-e-field  ui-e-field-textual\" placeholder=\"wolkswagen.com\">\n                                            <\/div>\n\n                \n                    <div class=\"ui-e-field-type-text ui-e-field-group elementor-column ui-e-field-group-field_iwycwfi elementor-col-100\">\n                                                    <label for=\"form-field-field_iwycwfi\" class=\"ui-e-label\">\n                                Industria                            <\/label>\n                                                            <input size=\"1\" type=\"text\" name=\"form_fields[field_iwycwfi]\" id=\"form-field-field_iwycwfi\" class=\"ui-e-field  ui-e-field-textual\" placeholder=\"Automotive\">\n                                            <\/div>\n\n                \n                    <div class=\"ui-e-field-type-text ui-e-field-group elementor-column ui-e-field-group-field_iwycwfi elementor-col-100\">\n                                                    <label for=\"form-field-field_iwycwfi\" class=\"ui-e-label\">\n                                Shteti dhe Qyteti                            <\/label>\n                                                            <input size=\"1\" type=\"text\" name=\"form_fields[field_iwycwfi]\" id=\"form-field-field_iwycwfi\" class=\"ui-e-field  ui-e-field-textual\" placeholder=\"Tirana, Albania\">\n                                            <\/div>\n\n                \n                    <div class=\"ui-e-field-type-text ui-e-field-group elementor-column ui-e-field-group-name elementor-col-100  ui-e-required\">\n                                                    <label for=\"form-field-name\" class=\"ui-e-label\">\n                                Emri i Personit t\u00eb Kontaktit                            <\/label>\n                                                            <input size=\"1\" type=\"text\" name=\"form_fields[name]\" id=\"form-field-name\" class=\"ui-e-field  ui-e-field-textual\" placeholder=\"Willhelm\" required=\"required\" aria-required=\"true\">\n                                            <\/div>\n\n                \n                    <div class=\"ui-e-field-type-email ui-e-field-group elementor-column ui-e-field-group-field_v3on8oo elementor-col-100\">\n                                                    <label for=\"form-field-field_v3on8oo\" class=\"ui-e-label\">\n                                Emaili i Kontaktit                            <\/label>\n                                                            <input size=\"1\" type=\"email\" name=\"form_fields[field_v3on8oo]\" id=\"form-field-field_v3on8oo\" class=\"ui-e-field  ui-e-field-textual\" placeholder=\"info@wolkswagen.com\">\n                                            <\/div>\n\n                \n                    <div class=\"ui-e-field-type-tel ui-e-field-group elementor-column ui-e-field-group-field_v3on8oo elementor-col-100\">\n                                                    <label for=\"form-field-field_v3on8oo\" class=\"ui-e-label\">\n                                Telefon ose WhatsApp                            <\/label>\n                                                            <input size=\"1\" type=\"tel\" name=\"form_fields[field_v3on8oo]\" id=\"form-field-field_v3on8oo\" class=\"ui-e-field  ui-e-field-textual\" placeholder=\"+12 345 6789\">\n                                            <\/div>\n\n                \n                    <div class=\"ui-e-field-type-text ui-e-field-group elementor-column ui-e-field-group-field_v3on8oo elementor-col-100\">\n                                                    <label for=\"form-field-field_v3on8oo\" class=\"ui-e-label\">\n                                Emri Juaj i Plot\u00eb                            <\/label>\n                                                            <input size=\"1\" type=\"text\" name=\"form_fields[field_v3on8oo]\" id=\"form-field-field_v3on8oo\" class=\"ui-e-field  ui-e-field-textual\" placeholder=\"John\">\n                                            <\/div>\n\n                \n                    <div class=\"ui-e-field-type-email ui-e-field-group elementor-column ui-e-field-group-field_v3on8oo elementor-col-100\">\n                                                    <label for=\"form-field-field_v3on8oo\" class=\"ui-e-label\">\n                                Emaili Juaj                            <\/label>\n                                                            <input size=\"1\" type=\"email\" name=\"form_fields[field_v3on8oo]\" id=\"form-field-field_v3on8oo\" class=\"ui-e-field  ui-e-field-textual\" placeholder=\"John\">\n                                            <\/div>\n\n                \n                    <div class=\"ui-e-field-type-select ui-e-field-group elementor-column ui-e-field-group-field_v3on8oo elementor-col-100\">\n                                                    <label for=\"form-field-field_v3on8oo\" class=\"ui-e-label\">\n                                D\u00ebshironi t\u00eb kontaktoheni n\u00ebse ata p\u00ebrgjigjen?                            <\/label>\n                                    <div class=\"ui-e-field ui-e-field-select ui-e-field-subgroup \">\n            <select name=\"form_fields[field_v3on8oo]\" id=\"form-field-field_v3on8oo\" class=\"ui-e-field-textual\">\n                                    <option value=\"Po\">Po<\/option>\n                                    <option value=\"Jo\">Jo<\/option>\n                            <\/select>\n        <\/div>\n                        <\/div>\n\n                \n                    <div class=\"ui-e-field-type-textarea ui-e-field-group elementor-column ui-e-field-group-field_v3on8oo elementor-col-100\">\n                                                    <label for=\"form-field-field_v3on8oo\" class=\"ui-e-label\">\n                                Sh\u00ebnime (opsionale)                            <\/label>\n                            <textarea class=\"ui-e-field \" name=\"form_fields[field_v3on8oo]\" id=\"form-field-field_v3on8oo\" rows=\"4\" placeholder=\"Shtoni \u00e7do informacion shtes\u00eb p\u00ebr kompanin\u00eb, nevojat p\u00ebr staf, ose t\u00eb dh\u00ebna t\u00eb tjera t\u00eb dobishme.\"><\/textarea>                    <\/div>\n\n                \n                    <div class=\"ui-e-field-type-acceptance ui-e-field-group elementor-column ui-e-field-group-field_24afskb elementor-col-100\">\n                                                    <label for=\"form-field-field_24afskb\" class=\"ui-e-label\">\n                                Privat\u00ebsia juaj                            <\/label>\n                                    <div class=\"ui-e-field-subgroup \">\n            <input type=\"checkbox\" name=\"form_fields[field_24afskb]\" id=\"form-field-field_24afskb\" class=\"ui-e-field  ui-e-acceptance-field\">\n            <label for=\"form-field-field_24afskb\">Duke d\u00ebrguar k\u00ebt\u00eb formular, konfirmoni q\u00eb keni leje t\u00eb ndani t\u00eb dh\u00ebnat e k\u00ebsaj kompanie me Dream.al p\u00ebr q\u00ebllime rekrutimi.<\/label>        <\/div>\n                        <\/div>\n\n                \n                <div class=\"ui-e-field-group elementor-column ui-e-field-type-submit elementor-col-100 e-form__buttons\">\n                    <button type=\"submit\" class=\"elementor-button\">\n                        <span >\n                                                            <span class=\"\">\n                                                                                                        <\/span>\n                                                                                        <span class=\"ui-e-text\">Refero Kompanin\u00eb<\/span>\n                                                    <\/span>\n                    <\/button>\n                <\/div>\n\n            <\/div>\n\n            <div class=\"ui-e-message \">\n                            <\/div>\n        <\/form>\n                <script>\n            window.ui_e_form_validation_messages = {\"required_fields\":\"Fill all required fields.\"};\n        <\/script>\n\t\t\t\t<\/div>\n\t\t\t\t\t<\/div>\n\t\t\t\t<\/div>\n\t\t\t\t<\/div>\n\t\t","protected":false},"excerpt":{"rendered":"<p>Njihni nj\u00eb kompani q\u00eb k\u00ebrkon t\u00eb pun\u00ebsoj\u00eb n\u00eb Shqip\u00ebri? Na d\u00ebrgoni t\u00eb dh\u00ebnat dhe ne do t\u2019i kontaktojm\u00eb. N\u00ebse nisin pun\u00ebsimin me [&hellip;]<\/p>\n","protected":false},"author":1,"featured_media":0,"parent":0,"menu_order":0,"comment_status":"closed","ping_status":"closed","template":"","meta":{"footnotes":""},"class_list":["post-389","page","type-page","status-publish","hentry"],"_links":{"self":[{"href":"https:\/\/dream.al\/al\/wp-json\/wp\/v2\/pages\/389","targetHints":{"allow":["GET"]}}],"collection":[{"href":"https:\/\/dream.al\/al\/wp-json\/wp\/v2\/pages"}],"about":[{"href":"https:\/\/dream.al\/al\/wp-json\/wp\/v2\/types\/page"}],"author":[{"embeddable":true,"href":"https:\/\/dream.al\/al\/wp-json\/wp\/v2\/users\/1"}],"replies":[{"embeddable":true,"href":"https:\/\/dream.al\/al\/wp-json\/wp\/v2\/comments?post=389"}],"version-history":[{"count":12,"href":"https:\/\/dream.al\/al\/wp-json\/wp\/v2\/pages\/389\/revisions"}],"predecessor-version":[{"id":1784,"href":"https:\/\/dream.al\/al\/wp-json\/wp\/v2\/pages\/389\/revisions\/1784"}],"wp:attachment":[{"href":"https:\/\/dream.al\/al\/wp-json\/wp\/v2\/media?parent=389"}],"curies":[{"name":"wp","href":"https:\/\/api.w.org\/{rel}","templated":true}]}}